{"id":1114,"date":"2025-03-07T16:53:19","date_gmt":"2025-03-07T16:53:19","guid":{"rendered":"https:\/\/pablojimenezalarcon.com\/contact\/"},"modified":"2025-07-09T16:31:23","modified_gmt":"2025-07-09T16:31:23","slug":"contact","status":"publish","type":"page","link":"https:\/\/pablojimenezalarcon.com\/en\/contact\/","title":{"rendered":"Contact"},"content":{"rendered":"\t\t<div data-elementor-type=\"wp-page\" data-elementor-id=\"1114\" class=\"elementor elementor-1114 elementor-107\" data-elementor-post-type=\"page\">\n\t\t\t\t<div class=\"elementor-element elementor-element-7acfd922 e-flex e-con-boxed e-con e-parent\" data-id=\"7acfd922\" data-element_type=\"container\">\n\t\t\t\t\t<div class=\"e-con-inner\">\n\t\t\t\t<div class=\"elementor-element elementor-element-7f712d8c elementor-widget elementor-widget-heading\" data-id=\"7f712d8c\" data-element_type=\"widget\" data-widget_type=\"heading.default\">\n\t\t\t\t<div class=\"elementor-widget-container\">\n\t\t\t\t\t<h1 class=\"elementor-heading-title elementor-size-default\">Contact me<\/h1>\t\t\t\t<\/div>\n\t\t\t\t<\/div>\n\t\t\t\t<div class=\"elementor-element elementor-element-2db0a728 elementor-icon-list--layout-inline elementor-align-center elementor-list-item-link-full_width elementor-widget elementor-widget-icon-list\" data-id=\"2db0a728\" data-element_type=\"widget\" data-widget_type=\"icon-list.default\">\n\t\t\t\t<div class=\"elementor-widget-container\">\n\t\t\t\t\t\t\t<ul class=\"elementor-icon-list-items elementor-inline-items\">\n\t\t\t\t\t\t\t<li class=\"elementor-icon-list-item elementor-inline-item\">\n\t\t\t\t\t\t\t\t\t\t\t<a href=\"#\">\n\n\t\t\t\t\t\t\t\t\t\t\t<span class=\"elementor-icon-list-text\">Home<\/span>\n\t\t\t\t\t\t\t\t\t\t\t<\/a>\n\t\t\t\t\t\t\t\t\t<\/li>\n\t\t\t\t\t\t\t\t<li class=\"elementor-icon-list-item elementor-inline-item\">\n\t\t\t\t\t\t\t\t\t\t\t<a href=\"https:\/\/pablojimenezalarcon.com\/contacto\/\" target=\"_blank\">\n\n\t\t\t\t\t\t\t\t\t\t\t\t<span class=\"elementor-icon-list-icon\">\n\t\t\t\t\t\t\t<svg aria-hidden=\"true\" class=\"e-font-icon-svg e-fas-circle\" viewBox=\"0 0 512 512\" xmlns=\"http:\/\/www.w3.org\/2000\/svg\"><path d=\"M256 8C119 8 8 119 8 256s111 248 248 248 248-111 248-248S393 8 256 8z\"><\/path><\/svg>\t\t\t\t\t\t<\/span>\n\t\t\t\t\t\t\t\t\t\t<span class=\"elementor-icon-list-text\">Contact me<\/span>\n\t\t\t\t\t\t\t\t\t\t\t<\/a>\n\t\t\t\t\t\t\t\t\t<\/li>\n\t\t\t\t\t\t<\/ul>\n\t\t\t\t\t\t<\/div>\n\t\t\t\t<\/div>\n\t\t\t\t\t<\/div>\n\t\t\t\t<\/div>\n\t\t<div class=\"elementor-element elementor-element-a9cf497 e-flex e-con-boxed e-con e-parent\" data-id=\"a9cf497\" data-element_type=\"container\">\n\t\t\t\t\t<div class=\"e-con-inner\">\n\t\t<div class=\"elementor-element elementor-element-6f932962 e-con-full e-flex e-con e-child\" data-id=\"6f932962\" data-element_type=\"container\">\n\t\t\t\t<div class=\"elementor-element elementor-element-6444c560 elementor-widget elementor-widget-heading\" data-id=\"6444c560\" data-element_type=\"widget\" data-widget_type=\"heading.default\">\n\t\t\t\t<div class=\"elementor-widget-container\">\n\t\t\t\t\t<h2 class=\"elementor-heading-title elementor-size-default\">What can I do for you?<\/h2>\t\t\t\t<\/div>\n\t\t\t\t<\/div>\n\t\t\t\t<div class=\"elementor-element elementor-element-4394dc88 elementor-widget elementor-widget-elementskit-heading\" data-id=\"4394dc88\" data-element_type=\"widget\" data-widget_type=\"elementskit-heading.default\">\n\t\t\t\t<div class=\"elementor-widget-container\">\n\t\t\t\t\t<div class=\"ekit-wid-con\" ><div class=\"ekit-heading elementskit-section-title-wraper text_left   ekit_heading_tablet-   ekit_heading_mobile-\"><h3 class=\"ekit-heading--title elementskit-section-title \">Let's talk about how I can help you. <span><span>Share your problem<\/span><\/span> and I'll find the best solution.<\/h3><\/div><\/div>\t\t\t\t<\/div>\n\t\t\t\t<\/div>\n\t\t\t\t<div class=\"elementor-element elementor-element-6ea38e9c elementor-widget elementor-widget-text-editor\" data-id=\"6ea38e9c\" data-element_type=\"widget\" data-widget_type=\"text-editor.default\">\n\t\t\t\t<div class=\"elementor-widget-container\">\n\t\t\t\t\t\t\t\t\t<p>If you want to transform your operations, improve your results, or just explore new opportunities and alternatives, I&#8217;d be happy to hear from you.<\/p>\t\t\t\t\t\t\t\t<\/div>\n\t\t\t\t<\/div>\n\t\t\t\t<div class=\"elementor-element elementor-element-378d5a4a elementor-widget elementor-widget-heading\" data-id=\"378d5a4a\" data-element_type=\"widget\" data-widget_type=\"heading.default\">\n\t\t\t\t<div class=\"elementor-widget-container\">\n\t\t\t\t\t<h4 class=\"elementor-heading-title elementor-size-default\">Contact me<\/h4>\t\t\t\t<\/div>\n\t\t\t\t<\/div>\n\t\t\t\t<div class=\"elementor-element elementor-element-496ae8ed elementor-mobile-align-start elementor-icon-list--layout-traditional elementor-list-item-link-full_width elementor-widget elementor-widget-icon-list\" data-id=\"496ae8ed\" data-element_type=\"widget\" data-widget_type=\"icon-list.default\">\n\t\t\t\t<div class=\"elementor-widget-container\">\n\t\t\t\t\t\t\t<ul class=\"elementor-icon-list-items\">\n\t\t\t\t\t\t\t<li class=\"elementor-icon-list-item\">\n\t\t\t\t\t\t\t\t\t\t\t<a href=\"mailto:hola@pablojimenezalarcon.com\">\n\n\t\t\t\t\t\t\t\t\t\t\t\t<span class=\"elementor-icon-list-icon\">\n\t\t\t\t\t\t\t<svg aria-hidden=\"true\" class=\"e-font-icon-svg e-far-envelope\" viewBox=\"0 0 512 512\" xmlns=\"http:\/\/www.w3.org\/2000\/svg\"><path d=\"M464 64H48C21.49 64 0 85.49 0 112v288c0 26.51 21.49 48 48 48h416c26.51 0 48-21.49 48-48V112c0-26.51-21.49-48-48-48zm0 48v40.805c-22.422 18.259-58.168 46.651-134.587 106.49-16.841 13.247-50.201 45.072-73.413 44.701-23.208.375-56.579-31.459-73.413-44.701C106.18 199.465 70.425 171.067 48 152.805V112h416zM48 400V214.398c22.914 18.251 55.409 43.862 104.938 82.646 21.857 17.205 60.134 55.186 103.062 54.955 42.717.231 80.509-37.199 103.053-54.947 49.528-38.783 82.032-64.401 104.947-82.653V400H48z\"><\/path><\/svg>\t\t\t\t\t\t<\/span>\n\t\t\t\t\t\t\t\t\t\t<span class=\"elementor-icon-list-text\">hola@pablojimenezalarcon.com<\/span>\n\t\t\t\t\t\t\t\t\t\t\t<\/a>\n\t\t\t\t\t\t\t\t\t<\/li>\n\t\t\t\t\t\t\t\t<li class=\"elementor-icon-list-item\">\n\t\t\t\t\t\t\t\t\t\t\t<a href=\"\">\n\n\t\t\t\t\t\t\t\t\t\t\t\t<span class=\"elementor-icon-list-icon\">\n\t\t\t\t\t\t\t<i aria-hidden=\"true\" class=\"icon icon-phone-call\"><\/i>\t\t\t\t\t\t<\/span>\n\t\t\t\t\t\t\t\t\t\t<span class=\"elementor-icon-list-text\">+34 680 64 76 00<\/span>\n\t\t\t\t\t\t\t\t\t\t\t<\/a>\n\t\t\t\t\t\t\t\t\t<\/li>\n\t\t\t\t\t\t<\/ul>\n\t\t\t\t\t\t<\/div>\n\t\t\t\t<\/div>\n\t\t\t\t<div class=\"elementor-element elementor-element-86d99f9 elementor-widget elementor-widget-heading\" data-id=\"86d99f9\" data-element_type=\"widget\" data-widget_type=\"heading.default\">\n\t\t\t\t<div class=\"elementor-widget-container\">\n\t\t\t\t\t<h4 class=\"elementor-heading-title elementor-size-default\">Follow me<\/h4>\t\t\t\t<\/div>\n\t\t\t\t<\/div>\n\t\t\t\t<div class=\"elementor-element elementor-element-7aafea42 elementor-shape-circle e-grid-align-left elementor-grid-0 elementor-widget elementor-widget-social-icons\" data-id=\"7aafea42\" data-element_type=\"widget\" data-widget_type=\"social-icons.default\">\n\t\t\t\t<div class=\"elementor-widget-container\">\n\t\t\t\t\t\t\t<div class=\"elementor-social-icons-wrapper elementor-grid\">\n\t\t\t\t\t\t\t<span class=\"elementor-grid-item\">\n\t\t\t\t\t<a class=\"elementor-icon elementor-social-icon elementor-social-icon-linkedin-in elementor-animation-grow elementor-repeater-item-dde52ff\" href=\"https:\/\/www.linkedin.com\/in\/pablojimenezalarcon\/\" target=\"_blank\">\n\t\t\t\t\t\t<span class=\"elementor-screen-only\">Linkedin-in<\/span>\n\t\t\t\t\t\t<svg aria-hidden=\"true\" class=\"e-font-icon-svg e-fab-linkedin-in\" viewBox=\"0 0 448 512\" xmlns=\"http:\/\/www.w3.org\/2000\/svg\"><path d=\"M100.28 448H7.4V148.9h92.88zM53.79 108.1C24.09 108.1 0 83.5 0 53.8a53.79 53.79 0 0 1 107.58 0c0 29.7-24.1 54.3-53.79 54.3zM447.9 448h-92.68V302.4c0-34.7-.7-79.2-48.29-79.2-48.29 0-55.69 37.7-55.69 76.7V448h-92.78V148.9h89.08v40.8h1.3c12.4-23.5 42.69-48.3 87.88-48.3 94 0 111.28 61.9 111.28 142.3V448z\"><\/path><\/svg>\t\t\t\t\t<\/a>\n\t\t\t\t<\/span>\n\t\t\t\t\t<\/div>\n\t\t\t\t\t\t<\/div>\n\t\t\t\t<\/div>\n\t\t\t\t<\/div>\n\t\t<div class=\"elementor-element elementor-element-6b3ee57a e-con-full e-flex e-con e-child\" data-id=\"6b3ee57a\" data-element_type=\"container\">\n\t\t\t\t<div class=\"elementor-element elementor-element-aca3da6 elementor-button-align-stretch elementor-widget elementor-widget-form\" data-id=\"aca3da6\" data-element_type=\"widget\" data-settings=\"{&quot;step_next_label&quot;:&quot;Next&quot;,&quot;step_previous_label&quot;:&quot;Previous&quot;,&quot;button_width&quot;:&quot;100&quot;,&quot;step_type&quot;:&quot;number_text&quot;,&quot;step_icon_shape&quot;:&quot;circle&quot;}\" data-widget_type=\"form.default\">\n\t\t\t\t<div class=\"elementor-widget-container\">\n\t\t\t\t\t\t\t<form class=\"elementor-form\" method=\"post\" name=\"New form\" aria-label=\"New form\">\n\t\t\t<input type=\"hidden\" name=\"post_id\" value=\"1114\"\/>\n\t\t\t<input type=\"hidden\" name=\"form_id\" value=\"aca3da6\"\/>\n\t\t\t<input type=\"hidden\" name=\"referer_title\" value=\"Pablo Jim\u00e9nez Alarc\u00f3n\" \/>\n\n\t\t\t\n\t\t\t<div class=\"elementor-form-fields-wrapper elementor-labels-above\">\n\t\t\t\t\t\t\t\t<div class=\"elementor-field-type-text elementor-field-group elementor-column elementor-field-group-name elementor-col-100 elementor-field-required\">\n\t\t\t\t\t\t\t\t\t\t\t\t<label for=\"form-field-name\" class=\"elementor-field-label\">\n\t\t\t\t\t\t\t\tName\t\t\t\t\t\t\t<\/label>\n\t\t\t\t\t\t\t\t\t\t\t\t\t\t<input size=\"1\" type=\"text\" name=\"form_fields[name]\" id=\"form-field-name\" class=\"elementor-field elementor-size-sm  elementor-field-textual\" placeholder=\"Name\" required=\"required\">\n\t\t\t\t\t\t\t\t\t\t\t<\/div>\n\t\t\t\t\t\t\t\t<div class=\"elementor-field-type-text elementor-field-group elementor-column elementor-field-group-field_2d2d381 elementor-col-100 elementor-field-required\">\n\t\t\t\t\t\t\t\t\t\t\t\t<label for=\"form-field-field_2d2d381\" class=\"elementor-field-label\">\n\t\t\t\t\t\t\t\tCompany\t\t\t\t\t\t\t<\/label>\n\t\t\t\t\t\t\t\t\t\t\t\t\t\t<input size=\"1\" type=\"text\" name=\"form_fields[field_2d2d381]\" id=\"form-field-field_2d2d381\" class=\"elementor-field elementor-size-sm  elementor-field-textual\" placeholder=\"Company\" required=\"required\">\n\t\t\t\t\t\t\t\t\t\t\t<\/div>\n\t\t\t\t\t\t\t\t<div class=\"elementor-field-type-text elementor-field-group elementor-column elementor-field-group-field_79749d8 elementor-col-100 elementor-field-required\">\n\t\t\t\t\t\t\t\t\t\t\t\t<label for=\"form-field-field_79749d8\" class=\"elementor-field-label\">\n\t\t\t\t\t\t\t\tTitle\t\t\t\t\t\t\t<\/label>\n\t\t\t\t\t\t\t\t\t\t\t\t\t\t<input size=\"1\" type=\"text\" name=\"form_fields[field_79749d8]\" id=\"form-field-field_79749d8\" class=\"elementor-field elementor-size-sm  elementor-field-textual\" placeholder=\"Title\" required=\"required\">\n\t\t\t\t\t\t\t\t\t\t\t<\/div>\n\t\t\t\t\t\t\t\t<div class=\"elementor-field-type-email elementor-field-group elementor-column elementor-field-group-email elementor-col-100 elementor-field-required\">\n\t\t\t\t\t\t\t\t\t\t\t\t<label for=\"form-field-email\" class=\"elementor-field-label\">\n\t\t\t\t\t\t\t\tEmail\t\t\t\t\t\t\t<\/label>\n\t\t\t\t\t\t\t\t\t\t\t\t\t\t<input size=\"1\" type=\"email\" name=\"form_fields[email]\" id=\"form-field-email\" class=\"elementor-field elementor-size-sm  elementor-field-textual\" placeholder=\"Email\" required=\"required\">\n\t\t\t\t\t\t\t\t\t\t\t<\/div>\n\t\t\t\t\t\t\t\t<div class=\"elementor-field-type-tel elementor-field-group elementor-column elementor-field-group-field_fd01dec elementor-col-100 elementor-field-required\">\n\t\t\t\t\t\t\t\t\t\t\t\t<label for=\"form-field-field_fd01dec\" class=\"elementor-field-label\">\n\t\t\t\t\t\t\t\tPhone\t\t\t\t\t\t\t<\/label>\n\t\t\t\t\t\t\t\t<input size=\"1\" type=\"tel\" name=\"form_fields[field_fd01dec]\" id=\"form-field-field_fd01dec\" class=\"elementor-field elementor-size-sm  elementor-field-textual\" placeholder=\"Phone\" required=\"required\" pattern=\"[0-9()#&amp;+*-=.]+\" title=\"Only numbers and phone characters (#, -, *, etc) are accepted.\">\n\n\t\t\t\t\t\t<\/div>\n\t\t\t\t\t\t\t\t<div class=\"elementor-field-type-textarea elementor-field-group elementor-column elementor-field-group-message elementor-col-100\">\n\t\t\t\t\t\t\t\t\t\t\t\t<label for=\"form-field-message\" class=\"elementor-field-label\">\n\t\t\t\t\t\t\t\tInquiry\t\t\t\t\t\t\t<\/label>\n\t\t\t\t\t\t<textarea class=\"elementor-field-textual elementor-field  elementor-size-sm\" name=\"form_fields[message]\" id=\"form-field-message\" rows=\"4\" placeholder=\"Inquiry\"><\/textarea>\t\t\t\t<\/div>\n\t\t\t\t\t\t\t\t<div class=\"elementor-field-group elementor-column elementor-field-type-submit elementor-col-100 e-form__buttons\">\n\t\t\t\t\t<button class=\"elementor-button elementor-size-sm\" type=\"submit\">\n\t\t\t\t\t\t<span class=\"elementor-button-content-wrapper\">\n\t\t\t\t\t\t\t\t\t\t\t\t\t\t\t\t\t\t\t\t\t\t<span class=\"elementor-button-text\">Send<\/span>\n\t\t\t\t\t\t\t\t\t\t\t\t\t<\/span>\n\t\t\t\t\t<\/button>\n\t\t\t\t<\/div>\n\t\t\t<\/div>\n\t\t<\/form>\n\t\t\t\t\t\t<\/div>\n\t\t\t\t<\/div>\n\t\t\t\t<\/div>\n\t\t\t\t\t<\/div>\n\t\t\t\t<\/div>\n\t\t<div class=\"elementor-element elementor-element-7ba9f525 e-flex e-con-boxed e-con e-parent\" data-id=\"7ba9f525\" data-element_type=\"container\">\n\t\t\t\t\t<div class=\"e-con-inner\">\n\t\t\t\t<div class=\"elementor-element elementor-element-5d07dd96 elementor-widget elementor-widget-image\" data-id=\"5d07dd96\" data-element_type=\"widget\" data-widget_type=\"image.default\">\n\t\t\t\t<div class=\"elementor-widget-container\">\n\t\t\t\t\t\t\t\t\t\t\t\t\t\t\t<img fetchpriority=\"high\" decoding=\"async\" width=\"1024\" height=\"683\" src=\"https:\/\/pablojimenezalarcon.com\/wp-content\/uploads\/2025\/06\/Pablo-Jimenez-Alarcon-Contacto-1024x683.jpg\" class=\"attachment-large size-large wp-image-1115\" alt=\"\" srcset=\"https:\/\/pablojimenezalarcon.com\/wp-content\/uploads\/2025\/06\/Pablo-Jimenez-Alarcon-Contacto-1024x683.jpg 1024w, https:\/\/pablojimenezalarcon.com\/wp-content\/uploads\/2025\/06\/Pablo-Jimenez-Alarcon-Contacto-300x200.jpg 300w, https:\/\/pablojimenezalarcon.com\/wp-content\/uploads\/2025\/06\/Pablo-Jimenez-Alarcon-Contacto-768x512.jpg 768w, https:\/\/pablojimenezalarcon.com\/wp-content\/uploads\/2025\/06\/Pablo-Jimenez-Alarcon-Contacto-1536x1024.jpg 1536w, https:\/\/pablojimenezalarcon.com\/wp-content\/uploads\/2025\/06\/Pablo-Jimenez-Alarcon-Contacto.jpg 1920w\" sizes=\"(max-width: 1024px) 100vw, 1024px\" \/>\t\t\t\t\t\t\t\t\t\t\t\t\t\t\t<\/div>\n\t\t\t\t<\/div>\n\t\t\t\t\t<\/div>\n\t\t\t\t<\/div>\n\t\t\t\t<\/div>\n\t\t","protected":false},"excerpt":{"rendered":"<p>Contact me Home Contact me What can I do for you? Let&#8217;s talk about how I can help you. Share your problem and I&#8217;ll find the best solution. If you want to transform your operations, improve your results, or just explore new opportunities and alternatives, I&#8217;d be happy to hear from you. Contact me hola@pablojimenezalarcon.com &#8230; <a title=\"Contact\" class=\"read-more\" href=\"https:\/\/pablojimenezalarcon.com\/en\/contact\/\" aria-label=\"Read more about Contact\">Read more<\/a><\/p>\n","protected":false},"author":1,"featured_media":0,"parent":0,"menu_order":0,"comment_status":"closed","ping_status":"closed","template":"elementor_header_footer","meta":{"footnotes":""},"class_list":["post-1114","page","type-page","status-publish"],"yoast_head":"<!-- This site is optimized with the Yoast SEO plugin v26.7 - https:\/\/yoast.com\/wordpress\/plugins\/seo\/ -->\n<title>Contact - Pablo Jim\u00e9nez Alarc\u00f3n<\/title>\n<meta name=\"description\" content=\"Contact Pablo Jim\u00e9nez Alarc\u00f3n. Let&#039;s talk about how I can help you. Share your problem, and I&#039;ll find the best solution.\" \/>\n<meta name=\"robots\" content=\"index, follow, max-snippet:-1, max-image-preview:large, max-video-preview:-1\" \/>\n<link rel=\"canonical\" href=\"https:\/\/pablojimenezalarcon.com\/en\/contact\/\" \/>\n<meta property=\"og:locale\" content=\"en_US\" \/>\n<meta property=\"og:type\" content=\"article\" \/>\n<meta property=\"og:title\" content=\"Contact - Pablo Jim\u00e9nez Alarc\u00f3n\" \/>\n<meta property=\"og:description\" content=\"Contact Pablo Jim\u00e9nez Alarc\u00f3n. Let&#039;s talk about how I can help you. Share your problem, and I&#039;ll find the best solution.\" \/>\n<meta property=\"og:url\" content=\"https:\/\/pablojimenezalarcon.com\/en\/contact\/\" \/>\n<meta property=\"og:site_name\" content=\"Pablo Jim\u00e9nez Alarc\u00f3n\" \/>\n<meta property=\"article:modified_time\" content=\"2025-07-09T16:31:23+00:00\" \/>\n<meta property=\"og:image\" content=\"https:\/\/pablojimenezalarcon.com\/wp-content\/uploads\/2025\/06\/Pablo-Jimenez-Alarcon-Contacto.jpg\" \/>\n\t<meta property=\"og:image:width\" content=\"1920\" \/>\n\t<meta property=\"og:image:height\" content=\"1280\" \/>\n\t<meta property=\"og:image:type\" content=\"image\/jpeg\" \/>\n<meta name=\"twitter:card\" content=\"summary_large_image\" \/>\n<script type=\"application\/ld+json\" class=\"yoast-schema-graph\">{\"@context\":\"https:\/\/schema.org\",\"@graph\":[{\"@type\":\"WebPage\",\"@id\":\"https:\/\/pablojimenezalarcon.com\/en\/contact\/\",\"url\":\"https:\/\/pablojimenezalarcon.com\/en\/contact\/\",\"name\":\"Contact - Pablo Jim\u00e9nez Alarc\u00f3n\",\"isPartOf\":{\"@id\":\"https:\/\/pablojimenezalarcon.com\/en\/#website\"},\"primaryImageOfPage\":{\"@id\":\"https:\/\/pablojimenezalarcon.com\/en\/contact\/#primaryimage\"},\"image\":{\"@id\":\"https:\/\/pablojimenezalarcon.com\/en\/contact\/#primaryimage\"},\"thumbnailUrl\":\"https:\/\/pablojimenezalarcon.com\/wp-content\/uploads\/2025\/06\/Pablo-Jimenez-Alarcon-Contacto-1024x683.jpg\",\"datePublished\":\"2025-03-07T16:53:19+00:00\",\"dateModified\":\"2025-07-09T16:31:23+00:00\",\"description\":\"Contact Pablo Jim\u00e9nez Alarc\u00f3n. Let's talk about how I can help you. Share your problem, and I'll find the best solution.\",\"breadcrumb\":{\"@id\":\"https:\/\/pablojimenezalarcon.com\/en\/contact\/#breadcrumb\"},\"inLanguage\":\"en-US\",\"potentialAction\":[{\"@type\":\"ReadAction\",\"target\":[\"https:\/\/pablojimenezalarcon.com\/en\/contact\/\"]}]},{\"@type\":\"ImageObject\",\"inLanguage\":\"en-US\",\"@id\":\"https:\/\/pablojimenezalarcon.com\/en\/contact\/#primaryimage\",\"url\":\"https:\/\/pablojimenezalarcon.com\/wp-content\/uploads\/2025\/06\/Pablo-Jimenez-Alarcon-Contacto-1024x683.jpg\",\"contentUrl\":\"https:\/\/pablojimenezalarcon.com\/wp-content\/uploads\/2025\/06\/Pablo-Jimenez-Alarcon-Contacto-1024x683.jpg\"},{\"@type\":\"BreadcrumbList\",\"@id\":\"https:\/\/pablojimenezalarcon.com\/en\/contact\/#breadcrumb\",\"itemListElement\":[{\"@type\":\"ListItem\",\"position\":1,\"name\":\"Portada\",\"item\":\"https:\/\/pablojimenezalarcon.com\/en\/\"},{\"@type\":\"ListItem\",\"position\":2,\"name\":\"Contact\"}]},{\"@type\":\"WebSite\",\"@id\":\"https:\/\/pablojimenezalarcon.com\/en\/#website\",\"url\":\"https:\/\/pablojimenezalarcon.com\/en\/\",\"name\":\"Pablo Jim\u00e9nez Alarc\u00f3n\",\"description\":\"Consultor y asesor de industria log\u00edstica global.\",\"publisher\":{\"@id\":\"https:\/\/pablojimenezalarcon.com\/en\/#organization\"},\"potentialAction\":[{\"@type\":\"SearchAction\",\"target\":{\"@type\":\"EntryPoint\",\"urlTemplate\":\"https:\/\/pablojimenezalarcon.com\/en\/?s={search_term_string}\"},\"query-input\":{\"@type\":\"PropertyValueSpecification\",\"valueRequired\":true,\"valueName\":\"search_term_string\"}}],\"inLanguage\":\"en-US\"},{\"@type\":\"Organization\",\"@id\":\"https:\/\/pablojimenezalarcon.com\/en\/#organization\",\"name\":\"Pablo Jim\u00e9nez Alarc\u00f3n\",\"url\":\"https:\/\/pablojimenezalarcon.com\/en\/\",\"logo\":{\"@type\":\"ImageObject\",\"inLanguage\":\"en-US\",\"@id\":\"https:\/\/pablojimenezalarcon.com\/en\/#\/schema\/logo\/image\/\",\"url\":\"https:\/\/pablojimenezalarcon.com\/wp-content\/uploads\/2025\/05\/Logo-PJA-color-A-blanca-2.png\",\"contentUrl\":\"https:\/\/pablojimenezalarcon.com\/wp-content\/uploads\/2025\/05\/Logo-PJA-color-A-blanca-2.png\",\"width\":842,\"height\":595,\"caption\":\"Pablo Jim\u00e9nez Alarc\u00f3n\"},\"image\":{\"@id\":\"https:\/\/pablojimenezalarcon.com\/en\/#\/schema\/logo\/image\/\"}}]}<\/script>\n<!-- \/ Yoast SEO plugin. -->","yoast_head_json":{"title":"Contact - Pablo Jim\u00e9nez Alarc\u00f3n","description":"Contact Pablo Jim\u00e9nez Alarc\u00f3n. Let's talk about how I can help you. Share your problem, and I'll find the best solution.","robots":{"index":"index","follow":"follow","max-snippet":"max-snippet:-1","max-image-preview":"max-image-preview:large","max-video-preview":"max-video-preview:-1"},"canonical":"https:\/\/pablojimenezalarcon.com\/en\/contact\/","og_locale":"en_US","og_type":"article","og_title":"Contact - Pablo Jim\u00e9nez Alarc\u00f3n","og_description":"Contact Pablo Jim\u00e9nez Alarc\u00f3n. Let's talk about how I can help you. Share your problem, and I'll find the best solution.","og_url":"https:\/\/pablojimenezalarcon.com\/en\/contact\/","og_site_name":"Pablo Jim\u00e9nez Alarc\u00f3n","article_modified_time":"2025-07-09T16:31:23+00:00","og_image":[{"width":1920,"height":1280,"url":"https:\/\/pablojimenezalarcon.com\/wp-content\/uploads\/2025\/06\/Pablo-Jimenez-Alarcon-Contacto.jpg","type":"image\/jpeg"}],"twitter_card":"summary_large_image","schema":{"@context":"https:\/\/schema.org","@graph":[{"@type":"WebPage","@id":"https:\/\/pablojimenezalarcon.com\/en\/contact\/","url":"https:\/\/pablojimenezalarcon.com\/en\/contact\/","name":"Contact - Pablo Jim\u00e9nez Alarc\u00f3n","isPartOf":{"@id":"https:\/\/pablojimenezalarcon.com\/en\/#website"},"primaryImageOfPage":{"@id":"https:\/\/pablojimenezalarcon.com\/en\/contact\/#primaryimage"},"image":{"@id":"https:\/\/pablojimenezalarcon.com\/en\/contact\/#primaryimage"},"thumbnailUrl":"https:\/\/pablojimenezalarcon.com\/wp-content\/uploads\/2025\/06\/Pablo-Jimenez-Alarcon-Contacto-1024x683.jpg","datePublished":"2025-03-07T16:53:19+00:00","dateModified":"2025-07-09T16:31:23+00:00","description":"Contact Pablo Jim\u00e9nez Alarc\u00f3n. Let's talk about how I can help you. Share your problem, and I'll find the best solution.","breadcrumb":{"@id":"https:\/\/pablojimenezalarcon.com\/en\/contact\/#breadcrumb"},"inLanguage":"en-US","potentialAction":[{"@type":"ReadAction","target":["https:\/\/pablojimenezalarcon.com\/en\/contact\/"]}]},{"@type":"ImageObject","inLanguage":"en-US","@id":"https:\/\/pablojimenezalarcon.com\/en\/contact\/#primaryimage","url":"https:\/\/pablojimenezalarcon.com\/wp-content\/uploads\/2025\/06\/Pablo-Jimenez-Alarcon-Contacto-1024x683.jpg","contentUrl":"https:\/\/pablojimenezalarcon.com\/wp-content\/uploads\/2025\/06\/Pablo-Jimenez-Alarcon-Contacto-1024x683.jpg"},{"@type":"BreadcrumbList","@id":"https:\/\/pablojimenezalarcon.com\/en\/contact\/#breadcrumb","itemListElement":[{"@type":"ListItem","position":1,"name":"Portada","item":"https:\/\/pablojimenezalarcon.com\/en\/"},{"@type":"ListItem","position":2,"name":"Contact"}]},{"@type":"WebSite","@id":"https:\/\/pablojimenezalarcon.com\/en\/#website","url":"https:\/\/pablojimenezalarcon.com\/en\/","name":"Pablo Jim\u00e9nez Alarc\u00f3n","description":"Consultor y asesor de industria log\u00edstica global.","publisher":{"@id":"https:\/\/pablojimenezalarcon.com\/en\/#organization"},"potentialAction":[{"@type":"SearchAction","target":{"@type":"EntryPoint","urlTemplate":"https:\/\/pablojimenezalarcon.com\/en\/?s={search_term_string}"},"query-input":{"@type":"PropertyValueSpecification","valueRequired":true,"valueName":"search_term_string"}}],"inLanguage":"en-US"},{"@type":"Organization","@id":"https:\/\/pablojimenezalarcon.com\/en\/#organization","name":"Pablo Jim\u00e9nez Alarc\u00f3n","url":"https:\/\/pablojimenezalarcon.com\/en\/","logo":{"@type":"ImageObject","inLanguage":"en-US","@id":"https:\/\/pablojimenezalarcon.com\/en\/#\/schema\/logo\/image\/","url":"https:\/\/pablojimenezalarcon.com\/wp-content\/uploads\/2025\/05\/Logo-PJA-color-A-blanca-2.png","contentUrl":"https:\/\/pablojimenezalarcon.com\/wp-content\/uploads\/2025\/05\/Logo-PJA-color-A-blanca-2.png","width":842,"height":595,"caption":"Pablo Jim\u00e9nez Alarc\u00f3n"},"image":{"@id":"https:\/\/pablojimenezalarcon.com\/en\/#\/schema\/logo\/image\/"}}]}},"_links":{"self":[{"href":"https:\/\/pablojimenezalarcon.com\/en\/wp-json\/wp\/v2\/pages\/1114","targetHints":{"allow":["GET"]}}],"collection":[{"href":"https:\/\/pablojimenezalarcon.com\/en\/wp-json\/wp\/v2\/pages"}],"about":[{"href":"https:\/\/pablojimenezalarcon.com\/en\/wp-json\/wp\/v2\/types\/page"}],"author":[{"embeddable":true,"href":"https:\/\/pablojimenezalarcon.com\/en\/wp-json\/wp\/v2\/users\/1"}],"replies":[{"embeddable":true,"href":"https:\/\/pablojimenezalarcon.com\/en\/wp-json\/wp\/v2\/comments?post=1114"}],"version-history":[{"count":1,"href":"https:\/\/pablojimenezalarcon.com\/en\/wp-json\/wp\/v2\/pages\/1114\/revisions"}],"predecessor-version":[{"id":1116,"href":"https:\/\/pablojimenezalarcon.com\/en\/wp-json\/wp\/v2\/pages\/1114\/revisions\/1116"}],"wp:attachment":[{"href":"https:\/\/pablojimenezalarcon.com\/en\/wp-json\/wp\/v2\/media?parent=1114"}],"curies":[{"name":"wp","href":"https:\/\/api.w.org\/{rel}","templated":true}]}}