{"id":1323,"date":"2025-10-17T10:53:23","date_gmt":"2025-10-17T10:53:23","guid":{"rendered":"https:\/\/pablojimenezalarcon.com\/el-bloc-de-pablo\/"},"modified":"2025-10-20T13:03:24","modified_gmt":"2025-10-20T13:03:24","slug":"el-bloc-de-pablo","status":"publish","type":"page","link":"https:\/\/pablojimenezalarcon.com\/ca\/el-bloc-de-pablo\/","title":{"rendered":"El bloc de Pablo"},"content":{"rendered":"\t\t<div data-elementor-type=\"wp-page\" data-elementor-id=\"1323\" class=\"elementor elementor-1323 elementor-1241\" data-elementor-post-type=\"page\">\n\t\t\t\t<div class=\"elementor-element elementor-element-4da2c37 e-flex e-con-boxed e-con e-parent\" data-id=\"4da2c37\" data-element_type=\"container\">\n\t\t\t\t\t<div class=\"e-con-inner\">\n\t\t\t\t<div class=\"elementor-element elementor-element-4fd90393 elementor-widget elementor-widget-heading\" data-id=\"4fd90393\" data-element_type=\"widget\" data-widget_type=\"heading.default\">\n\t\t\t\t<div class=\"elementor-widget-container\">\n\t\t\t\t\t<h1 class=\"elementor-heading-title elementor-size-default\">El bloc de Pablo<\/h1>\t\t\t\t<\/div>\n\t\t\t\t<\/div>\n\t\t\t\t<div class=\"elementor-element elementor-element-5d14cef5 elementor-icon-list--layout-inline elementor-align-center elementor-list-item-link-full_width elementor-widget elementor-widget-icon-list\" data-id=\"5d14cef5\" data-element_type=\"widget\" data-widget_type=\"icon-list.default\">\n\t\t\t\t<div class=\"elementor-widget-container\">\n\t\t\t\t\t\t\t<ul class=\"elementor-icon-list-items elementor-inline-items\">\n\t\t\t\t\t\t\t<li class=\"elementor-icon-list-item elementor-inline-item\">\n\t\t\t\t\t\t\t\t\t\t\t<a href=\"#\">\n\n\t\t\t\t\t\t\t\t\t\t\t<span class=\"elementor-icon-list-text\">Home<\/span>\n\t\t\t\t\t\t\t\t\t\t\t<\/a>\n\t\t\t\t\t\t\t\t\t<\/li>\n\t\t\t\t\t\t\t\t<li class=\"elementor-icon-list-item elementor-inline-item\">\n\t\t\t\t\t\t\t\t\t\t\t<a href=\"http:\/\/serveis\" target=\"_blank\">\n\n\t\t\t\t\t\t\t\t\t\t\t\t<span class=\"elementor-icon-list-icon\">\n\t\t\t\t\t\t\t<svg aria-hidden=\"true\" class=\"e-font-icon-svg e-fas-circle\" viewBox=\"0 0 512 512\" xmlns=\"http:\/\/www.w3.org\/2000\/svg\"><path d=\"M256 8C119 8 8 119 8 256s111 248 248 248 248-111 248-248S393 8 256 8z\"><\/path><\/svg>\t\t\t\t\t\t<\/span>\n\t\t\t\t\t\t\t\t\t\t<span class=\"elementor-icon-list-text\">Bloc<\/span>\n\t\t\t\t\t\t\t\t\t\t\t<\/a>\n\t\t\t\t\t\t\t\t\t<\/li>\n\t\t\t\t\t\t<\/ul>\n\t\t\t\t\t\t<\/div>\n\t\t\t\t<\/div>\n\t\t\t\t\t<\/div>\n\t\t\t\t<\/div>\n\t\t<div class=\"elementor-element elementor-element-39e9b0a5 e-flex e-con-boxed e-con e-parent\" data-id=\"39e9b0a5\" data-element_type=\"container\">\n\t\t\t\t\t<div class=\"e-con-inner\">\n\t\t<div class=\"elementor-element elementor-element-47264a1 e-con-full e-flex e-con e-child\" data-id=\"47264a1\" data-element_type=\"container\">\n\t\t\t\t<div class=\"elementor-element elementor-element-59abb019 elementor-widget elementor-widget-elementskit-heading\" data-id=\"59abb019\" data-element_type=\"widget\" data-widget_type=\"elementskit-heading.default\">\n\t\t\t\t<div class=\"elementor-widget-container\">\n\t\t\t\t\t<div class=\"ekit-wid-con\" ><div class=\"ekit-heading elementskit-section-title-wraper text_center   ekit_heading_tablet-   ekit_heading_mobile-\"><h3 class=\"ekit-heading--title elementskit-section-title \"><span><span>Espai per compartir<\/span><\/span> visi\u00f3 sobre lideratge, estrat\u00e8gia i innovaci\u00f3 <span><span>des de l\u2019experi\u00e8ncia<\/span><\/span> i l\u2019autenticitat.<\/h3><\/div><\/div>\t\t\t\t<\/div>\n\t\t\t\t<\/div>\n\t\t\t\t<\/div>\n\t\t\t\t\t<\/div>\n\t\t\t\t<\/div>\n\t\t<div class=\"elementor-element elementor-element-3522ca20 e-con-full e-flex e-con e-parent\" data-id=\"3522ca20\" data-element_type=\"container\">\n\t\t\t\t<div class=\"elementor-element elementor-element-2c990386 elementor-grid-tablet-1 elementor-posts--thumbnail-none elementor-grid-3 elementor-grid-mobile-1 load-more-align-center elementor-widget elementor-widget-posts\" data-id=\"2c990386\" data-element_type=\"widget\" data-settings=\"{&quot;classic_row_gap_mobile&quot;:{&quot;unit&quot;:&quot;px&quot;,&quot;size&quot;:52,&quot;sizes&quot;:[]},&quot;pagination_type&quot;:&quot;load_more_on_click&quot;,&quot;classic_columns_tablet&quot;:&quot;1&quot;,&quot;classic_columns&quot;:&quot;3&quot;,&quot;classic_columns_mobile&quot;:&quot;1&quot;,&quot;classic_row_gap&quot;:{&quot;unit&quot;:&quot;px&quot;,&quot;size&quot;:35,&quot;sizes&quot;:[]},&quot;classic_row_gap_laptop&quot;:{&quot;unit&quot;:&quot;px&quot;,&quot;size&quot;:&quot;&quot;,&quot;sizes&quot;:[]},&quot;classic_row_gap_tablet_extra&quot;:{&quot;unit&quot;:&quot;px&quot;,&quot;size&quot;:&quot;&quot;,&quot;sizes&quot;:[]},&quot;classic_row_gap_tablet&quot;:{&quot;unit&quot;:&quot;px&quot;,&quot;size&quot;:&quot;&quot;,&quot;sizes&quot;:[]},&quot;classic_row_gap_mobile_extra&quot;:{&quot;unit&quot;:&quot;px&quot;,&quot;size&quot;:&quot;&quot;,&quot;sizes&quot;:[]},&quot;load_more_spinner&quot;:{&quot;value&quot;:&quot;fas fa-spinner&quot;,&quot;library&quot;:&quot;fa-solid&quot;}}\" data-widget_type=\"posts.classic\">\n\t\t\t\t<div class=\"elementor-widget-container\">\n\t\t\t\t\t\t\t<div class=\"elementor-posts-container elementor-posts elementor-posts--skin-classic elementor-grid\" role=\"list\">\n\t\t\t\t<article class=\"elementor-post elementor-grid-item post-1321 post type-post status-publish format-standard has-post-thumbnail hentry category-pablo-jimenez-alarcon-ca tag-ii-jornada-de-logistica-i-ia tag-intelligencia-artificial tag-networking-ca tag-ponencies\" role=\"listitem\">\n\t\t\t\t<div class=\"elementor-post__text\">\n\t\t\t\t<h3 class=\"elementor-post__title\">\n\t\t\t<a href=\"https:\/\/pablojimenezalarcon.com\/ca\/en-pablo-participa-a-la-vii-jornada-de-logistica-i-ia\/\" target=&quot;_blank&quot;>\n\t\t\t\tEn Pablo participa a la VII Jornada de Log\u00edstica i IA\t\t\t<\/a>\n\t\t<\/h3>\n\t\t\t\t<div class=\"elementor-post__meta-data\">\n\t\t\t\t\t<span class=\"elementor-post-date\">\n\t\t\toctubre 20, 2025\t\t<\/span>\n\t\t\t\t<\/div>\n\t\t\t\t<div class=\"elementor-post__excerpt\">\n\t\t\t<p>En Pablo Jim\u00e9nez Alarc\u00f3n participar\u00e0 a la VII Jornada de Log\u00edstica i IA, un esdeveniment que reunir\u00e0 professionals, directius i t\u00e8cnics interessats a explorar com acompassar els aven\u00e7os de la\t\t<\/div>\n\t\t\n\t\t<a class=\"elementor-post__read-more\" href=\"https:\/\/pablojimenezalarcon.com\/ca\/en-pablo-participa-a-la-vii-jornada-de-logistica-i-ia\/\" aria-label=\"Read more about En Pablo participa a la VII Jornada de Log\u00edstica i IA\" tabindex=\"-1\" target=\"_blank\">\n\t\t\tLlegir m\u00e9s &gt;\t\t<\/a>\n\n\t\t\t\t<\/div>\n\t\t\t\t<\/article>\n\t\t\t\t<\/div>\n\t\t\t\t\t<span class=\"e-load-more-spinner\">\n\t\t\t\t<svg aria-hidden=\"true\" class=\"e-font-icon-svg e-fas-spinner\" viewBox=\"0 0 512 512\" xmlns=\"http:\/\/www.w3.org\/2000\/svg\"><path d=\"M304 48c0 26.51-21.49 48-48 48s-48-21.49-48-48 21.49-48 48-48 48 21.49 48 48zm-48 368c-26.51 0-48 21.49-48 48s21.49 48 48 48 48-21.49 48-48-21.49-48-48-48zm208-208c-26.51 0-48 21.49-48 48s21.49 48 48 48 48-21.49 48-48-21.49-48-48-48zM96 256c0-26.51-21.49-48-48-48S0 229.49 0 256s21.49 48 48 48 48-21.49 48-48zm12.922 99.078c-26.51 0-48 21.49-48 48s21.49 48 48 48 48-21.49 48-48c0-26.509-21.491-48-48-48zm294.156 0c-26.51 0-48 21.49-48 48s21.49 48 48 48 48-21.49 48-48c0-26.509-21.49-48-48-48zM108.922 60.922c-26.51 0-48 21.49-48 48s21.49 48 48 48 48-21.49 48-48-21.491-48-48-48z\"><\/path><\/svg>\t\t\t<\/span>\n\t\t\n\t\t\t\t\t\t<\/div>\n\t\t\t\t<\/div>\n\t\t\t\t<\/div>\n\t\t\t\t<\/div>\n\t\t","protected":false},"excerpt":{"rendered":"<p>El bloc de Pablo Home Bloc Espai per compartir visi\u00f3 sobre lideratge, estrat\u00e8gia i innovaci\u00f3 des de l\u2019experi\u00e8ncia i l\u2019autenticitat.<\/p>\n","protected":false},"author":1,"featured_media":0,"parent":0,"menu_order":0,"comment_status":"closed","ping_status":"closed","template":"elementor_header_footer","meta":{"footnotes":""},"class_list":["post-1323","page","type-page","status-publish","hentry"],"yoast_head":"<!-- This site is optimized with the Yoast SEO plugin v26.7 - https:\/\/yoast.com\/wordpress\/plugins\/seo\/ -->\n<title>El bloc de Pablo - Pablo Jim\u00e9nez Alarc\u00f3n<\/title>\n<meta name=\"description\" content=\"Bloc sobre reflexions sobre lideratge, estrat\u00e8gia, innovaci\u00f3 i tecnologia aplicades a la log\u00edstica, des de l&#039;experi\u00e8ncia i la visi\u00f3 de Pablo.\" \/>\n<meta name=\"robots\" content=\"index, follow, max-snippet:-1, max-image-preview:large, max-video-preview:-1\" \/>\n<link rel=\"canonical\" href=\"https:\/\/pablojimenezalarcon.com\/ca\/el-bloc-de-pablo\/\" \/>\n<meta property=\"og:locale\" content=\"ca_ES\" \/>\n<meta property=\"og:type\" content=\"article\" \/>\n<meta property=\"og:title\" content=\"El bloc de Pablo - Pablo Jim\u00e9nez Alarc\u00f3n\" \/>\n<meta property=\"og:description\" content=\"Bloc sobre reflexions sobre lideratge, estrat\u00e8gia, innovaci\u00f3 i tecnologia aplicades a la log\u00edstica, des de l&#039;experi\u00e8ncia i la visi\u00f3 de Pablo.\" \/>\n<meta property=\"og:url\" content=\"https:\/\/pablojimenezalarcon.com\/ca\/el-bloc-de-pablo\/\" \/>\n<meta property=\"og:site_name\" content=\"Pablo Jim\u00e9nez Alarc\u00f3n\" \/>\n<meta property=\"article:modified_time\" content=\"2025-10-20T13:03:24+00:00\" \/>\n<meta name=\"twitter:card\" content=\"summary_large_image\" \/>\n<script type=\"application\/ld+json\" class=\"yoast-schema-graph\">{\"@context\":\"https:\/\/schema.org\",\"@graph\":[{\"@type\":\"WebPage\",\"@id\":\"https:\/\/pablojimenezalarcon.com\/ca\/el-bloc-de-pablo\/\",\"url\":\"https:\/\/pablojimenezalarcon.com\/ca\/el-bloc-de-pablo\/\",\"name\":\"El bloc de Pablo - Pablo Jim\u00e9nez Alarc\u00f3n\",\"isPartOf\":{\"@id\":\"https:\/\/pablojimenezalarcon.com\/ca\/#website\"},\"datePublished\":\"2025-10-17T10:53:23+00:00\",\"dateModified\":\"2025-10-20T13:03:24+00:00\",\"description\":\"Bloc sobre reflexions sobre lideratge, estrat\u00e8gia, innovaci\u00f3 i tecnologia aplicades a la log\u00edstica, des de l'experi\u00e8ncia i la visi\u00f3 de Pablo.\",\"breadcrumb\":{\"@id\":\"https:\/\/pablojimenezalarcon.com\/ca\/el-bloc-de-pablo\/#breadcrumb\"},\"inLanguage\":\"ca\",\"potentialAction\":[{\"@type\":\"ReadAction\",\"target\":[\"https:\/\/pablojimenezalarcon.com\/ca\/el-bloc-de-pablo\/\"]}]},{\"@type\":\"BreadcrumbList\",\"@id\":\"https:\/\/pablojimenezalarcon.com\/ca\/el-bloc-de-pablo\/#breadcrumb\",\"itemListElement\":[{\"@type\":\"ListItem\",\"position\":1,\"name\":\"Portada\",\"item\":\"https:\/\/pablojimenezalarcon.com\/ca\/\"},{\"@type\":\"ListItem\",\"position\":2,\"name\":\"El bloc de Pablo\"}]},{\"@type\":\"WebSite\",\"@id\":\"https:\/\/pablojimenezalarcon.com\/ca\/#website\",\"url\":\"https:\/\/pablojimenezalarcon.com\/ca\/\",\"name\":\"Pablo Jim\u00e9nez Alarc\u00f3n\",\"description\":\"Consultor y asesor de industria log\u00edstica global.\",\"publisher\":{\"@id\":\"https:\/\/pablojimenezalarcon.com\/ca\/#organization\"},\"potentialAction\":[{\"@type\":\"SearchAction\",\"target\":{\"@type\":\"EntryPoint\",\"urlTemplate\":\"https:\/\/pablojimenezalarcon.com\/ca\/?s={search_term_string}\"},\"query-input\":{\"@type\":\"PropertyValueSpecification\",\"valueRequired\":true,\"valueName\":\"search_term_string\"}}],\"inLanguage\":\"ca\"},{\"@type\":\"Organization\",\"@id\":\"https:\/\/pablojimenezalarcon.com\/ca\/#organization\",\"name\":\"Pablo Jim\u00e9nez Alarc\u00f3n\",\"url\":\"https:\/\/pablojimenezalarcon.com\/ca\/\",\"logo\":{\"@type\":\"ImageObject\",\"inLanguage\":\"ca\",\"@id\":\"https:\/\/pablojimenezalarcon.com\/ca\/#\/schema\/logo\/image\/\",\"url\":\"https:\/\/pablojimenezalarcon.com\/wp-content\/uploads\/2025\/05\/Logo-PJA-color-A-blanca-2.png\",\"contentUrl\":\"https:\/\/pablojimenezalarcon.com\/wp-content\/uploads\/2025\/05\/Logo-PJA-color-A-blanca-2.png\",\"width\":842,\"height\":595,\"caption\":\"Pablo Jim\u00e9nez Alarc\u00f3n\"},\"image\":{\"@id\":\"https:\/\/pablojimenezalarcon.com\/ca\/#\/schema\/logo\/image\/\"}}]}<\/script>\n<!-- \/ Yoast SEO plugin. -->","yoast_head_json":{"title":"El bloc de Pablo - Pablo Jim\u00e9nez Alarc\u00f3n","description":"Bloc sobre reflexions sobre lideratge, estrat\u00e8gia, innovaci\u00f3 i tecnologia aplicades a la log\u00edstica, des de l'experi\u00e8ncia i la visi\u00f3 de Pablo.","robots":{"index":"index","follow":"follow","max-snippet":"max-snippet:-1","max-image-preview":"max-image-preview:large","max-video-preview":"max-video-preview:-1"},"canonical":"https:\/\/pablojimenezalarcon.com\/ca\/el-bloc-de-pablo\/","og_locale":"ca_ES","og_type":"article","og_title":"El bloc de Pablo - Pablo Jim\u00e9nez Alarc\u00f3n","og_description":"Bloc sobre reflexions sobre lideratge, estrat\u00e8gia, innovaci\u00f3 i tecnologia aplicades a la log\u00edstica, des de l'experi\u00e8ncia i la visi\u00f3 de Pablo.","og_url":"https:\/\/pablojimenezalarcon.com\/ca\/el-bloc-de-pablo\/","og_site_name":"Pablo Jim\u00e9nez Alarc\u00f3n","article_modified_time":"2025-10-20T13:03:24+00:00","twitter_card":"summary_large_image","schema":{"@context":"https:\/\/schema.org","@graph":[{"@type":"WebPage","@id":"https:\/\/pablojimenezalarcon.com\/ca\/el-bloc-de-pablo\/","url":"https:\/\/pablojimenezalarcon.com\/ca\/el-bloc-de-pablo\/","name":"El bloc de Pablo - Pablo Jim\u00e9nez Alarc\u00f3n","isPartOf":{"@id":"https:\/\/pablojimenezalarcon.com\/ca\/#website"},"datePublished":"2025-10-17T10:53:23+00:00","dateModified":"2025-10-20T13:03:24+00:00","description":"Bloc sobre reflexions sobre lideratge, estrat\u00e8gia, innovaci\u00f3 i tecnologia aplicades a la log\u00edstica, des de l'experi\u00e8ncia i la visi\u00f3 de Pablo.","breadcrumb":{"@id":"https:\/\/pablojimenezalarcon.com\/ca\/el-bloc-de-pablo\/#breadcrumb"},"inLanguage":"ca","potentialAction":[{"@type":"ReadAction","target":["https:\/\/pablojimenezalarcon.com\/ca\/el-bloc-de-pablo\/"]}]},{"@type":"BreadcrumbList","@id":"https:\/\/pablojimenezalarcon.com\/ca\/el-bloc-de-pablo\/#breadcrumb","itemListElement":[{"@type":"ListItem","position":1,"name":"Portada","item":"https:\/\/pablojimenezalarcon.com\/ca\/"},{"@type":"ListItem","position":2,"name":"El bloc de Pablo"}]},{"@type":"WebSite","@id":"https:\/\/pablojimenezalarcon.com\/ca\/#website","url":"https:\/\/pablojimenezalarcon.com\/ca\/","name":"Pablo Jim\u00e9nez Alarc\u00f3n","description":"Consultor y asesor de industria log\u00edstica global.","publisher":{"@id":"https:\/\/pablojimenezalarcon.com\/ca\/#organization"},"potentialAction":[{"@type":"SearchAction","target":{"@type":"EntryPoint","urlTemplate":"https:\/\/pablojimenezalarcon.com\/ca\/?s={search_term_string}"},"query-input":{"@type":"PropertyValueSpecification","valueRequired":true,"valueName":"search_term_string"}}],"inLanguage":"ca"},{"@type":"Organization","@id":"https:\/\/pablojimenezalarcon.com\/ca\/#organization","name":"Pablo Jim\u00e9nez Alarc\u00f3n","url":"https:\/\/pablojimenezalarcon.com\/ca\/","logo":{"@type":"ImageObject","inLanguage":"ca","@id":"https:\/\/pablojimenezalarcon.com\/ca\/#\/schema\/logo\/image\/","url":"https:\/\/pablojimenezalarcon.com\/wp-content\/uploads\/2025\/05\/Logo-PJA-color-A-blanca-2.png","contentUrl":"https:\/\/pablojimenezalarcon.com\/wp-content\/uploads\/2025\/05\/Logo-PJA-color-A-blanca-2.png","width":842,"height":595,"caption":"Pablo Jim\u00e9nez Alarc\u00f3n"},"image":{"@id":"https:\/\/pablojimenezalarcon.com\/ca\/#\/schema\/logo\/image\/"}}]}},"_links":{"self":[{"href":"https:\/\/pablojimenezalarcon.com\/ca\/wp-json\/wp\/v2\/pages\/1323","targetHints":{"allow":["GET"]}}],"collection":[{"href":"https:\/\/pablojimenezalarcon.com\/ca\/wp-json\/wp\/v2\/pages"}],"about":[{"href":"https:\/\/pablojimenezalarcon.com\/ca\/wp-json\/wp\/v2\/types\/page"}],"author":[{"embeddable":true,"href":"https:\/\/pablojimenezalarcon.com\/ca\/wp-json\/wp\/v2\/users\/1"}],"replies":[{"embeddable":true,"href":"https:\/\/pablojimenezalarcon.com\/ca\/wp-json\/wp\/v2\/comments?post=1323"}],"version-history":[{"count":2,"href":"https:\/\/pablojimenezalarcon.com\/ca\/wp-json\/wp\/v2\/pages\/1323\/revisions"}],"predecessor-version":[{"id":1362,"href":"https:\/\/pablojimenezalarcon.com\/ca\/wp-json\/wp\/v2\/pages\/1323\/revisions\/1362"}],"wp:attachment":[{"href":"https:\/\/pablojimenezalarcon.com\/ca\/wp-json\/wp\/v2\/media?parent=1323"}],"curies":[{"name":"wp","href":"https:\/\/api.w.org\/{rel}","templated":true}]}}