{"id":1065,"date":"2025-07-07T09:03:48","date_gmt":"2025-07-07T09:03:48","guid":{"rendered":"https:\/\/pablojimenezalarcon.com\/politica-de-privacitat\/"},"modified":"2025-07-08T14:56:17","modified_gmt":"2025-07-08T14:56:17","slug":"politica-de-privacitat","status":"publish","type":"page","link":"https:\/\/pablojimenezalarcon.com\/ca\/politica-de-privacitat\/","title":{"rendered":"Pol\u00edtica de privacitat"},"content":{"rendered":"\t\t<div data-elementor-type=\"wp-page\" data-elementor-id=\"1065\" class=\"elementor elementor-1065 elementor-957\" data-elementor-post-type=\"page\">\n\t\t\t\t<div class=\"elementor-element elementor-element-395e7ce2 e-flex e-con-boxed e-con e-parent\" data-id=\"395e7ce2\" data-element_type=\"container\">\n\t\t\t\t\t<div class=\"e-con-inner\">\n\t\t\t\t<div class=\"elementor-element elementor-element-26dd69b3 elementor-widget elementor-widget-heading\" data-id=\"26dd69b3\" data-element_type=\"widget\" data-widget_type=\"heading.default\">\n\t\t\t\t<div class=\"elementor-widget-container\">\n\t\t\t\t\t<h1 class=\"elementor-heading-title elementor-size-default\">Pol\u00edtica de privacitat<\/h1>\t\t\t\t<\/div>\n\t\t\t\t<\/div>\n\t\t\t\t<div class=\"elementor-element elementor-element-22472424 elementor-icon-list--layout-inline elementor-align-center elementor-list-item-link-full_width elementor-widget elementor-widget-icon-list\" data-id=\"22472424\" data-element_type=\"widget\" data-widget_type=\"icon-list.default\">\n\t\t\t\t<div class=\"elementor-widget-container\">\n\t\t\t\t\t\t\t<ul class=\"elementor-icon-list-items elementor-inline-items\">\n\t\t\t\t\t\t\t<li class=\"elementor-icon-list-item elementor-inline-item\">\n\t\t\t\t\t\t\t\t\t\t\t<a href=\"#\">\n\n\t\t\t\t\t\t\t\t\t\t\t<span class=\"elementor-icon-list-text\">Pol\u00edtiques<\/span>\n\t\t\t\t\t\t\t\t\t\t\t<\/a>\n\t\t\t\t\t\t\t\t\t<\/li>\n\t\t\t\t\t\t\t\t<li class=\"elementor-icon-list-item elementor-inline-item\">\n\t\t\t\t\t\t\t\t\t\t\t<a href=\"https:\/\/pablojimenezalarcon.com\/politica-de-privacidad\/\" target=\"_blank\">\n\n\t\t\t\t\t\t\t\t\t\t\t\t<span class=\"elementor-icon-list-icon\">\n\t\t\t\t\t\t\t<svg aria-hidden=\"true\" class=\"e-font-icon-svg e-fas-circle\" viewBox=\"0 0 512 512\" xmlns=\"http:\/\/www.w3.org\/2000\/svg\"><path d=\"M256 8C119 8 8 119 8 256s111 248 248 248 248-111 248-248S393 8 256 8z\"><\/path><\/svg>\t\t\t\t\t\t<\/span>\n\t\t\t\t\t\t\t\t\t\t<span class=\"elementor-icon-list-text\">Pol\u00edtica de privacitat<\/span>\n\t\t\t\t\t\t\t\t\t\t\t<\/a>\n\t\t\t\t\t\t\t\t\t<\/li>\n\t\t\t\t\t\t<\/ul>\n\t\t\t\t\t\t<\/div>\n\t\t\t\t<\/div>\n\t\t\t\t\t<\/div>\n\t\t\t\t<\/div>\n\t\t<div class=\"elementor-element elementor-element-53c07c7a e-flex e-con-boxed e-con e-parent\" data-id=\"53c07c7a\" data-element_type=\"container\">\n\t\t\t\t\t<div class=\"e-con-inner\">\n\t\t<div class=\"elementor-element elementor-element-17d6090a e-con-full e-flex e-con e-child\" data-id=\"17d6090a\" data-element_type=\"container\">\n\t\t\t\t<div class=\"elementor-element elementor-element-44123210 elementor-widget elementor-widget-elementskit-heading\" data-id=\"44123210\" data-element_type=\"widget\" data-widget_type=\"elementskit-heading.default\">\n\t\t\t\t<div class=\"elementor-widget-container\">\n\t\t\t\t\t<div class=\"ekit-wid-con\" ><div class=\"ekit-heading elementskit-section-title-wraper text_left   ekit_heading_tablet-   ekit_heading_mobile-\"><h3 class=\"ekit-heading--title elementskit-section-title \">Pol\u00edtica de <span><span>privacidad<\/span><\/span> <\/h3><\/div><\/div>\t\t\t\t<\/div>\n\t\t\t\t<\/div>\n\t\t\t\t<div class=\"elementor-element elementor-element-339cdd60 elementor-widget elementor-widget-text-editor\" data-id=\"339cdd60\" data-element_type=\"widget\" data-widget_type=\"text-editor.default\">\n\t\t\t\t<div class=\"elementor-widget-container\">\n\t\t\t\t\t\t\t\t\t<p>Pablo Jim\u00e9nez Alarcon, en aplicaci\u00f3 de la normativa vigent en mat\u00e8ria de <a href=\"https:\/\/protecciondatos-lopd.com\/auditoria\/proteccion-datos\/\">protecci\u00f3 de dades<\/a> de car\u00e0cter personal, informa que les dades personals que es recullen a trav\u00e9s dels formularis del Lloc web: https:\/\/pablojimenezalarcon.com\/, s&#8217;inclouen als fitxers automatitzats espec\u00edfics d&#8217;usuaris dels serveis de Pablo Jim\u00e9nez Alarcon<\/p><p>La recollida i tractament automatitzat de les dades de car\u00e0cter personal t\u00e9 com a finalitat el manteniment de la relaci\u00f3 comercial i l&#8217;exercici de tasques d&#8217;informaci\u00f3, formaci\u00f3, assessorament i altres activitats pr\u00f2pies de Pablo Jim\u00e9nez Alarcon<\/p><p>Aquestes dades nom\u00e9s seran cedides a aquelles entitats que siguin necess\u00e0ries amb l&#8217;\u00fanic objectiu de donar compliment a la finalitat exposada anteriorment.<\/p><p>Pablo Jim\u00e9nez Alarcon adopta les mesures necess\u00e0ries per garantir la seguretat, integritat i confidencialitat de les dades d&#8217;acord amb el que disposa el Reglament (UE) 2016\/679 del Parlament Europeu i del Consell, de 27 d&#8217;abril de 2016, relatiu a la protecci\u00f3 de les persones f\u00edsiques pel que fa al tractament de dades personals ia la lliure circula. Org\u00e0nica 3\/2018, del 5 desembre, de Protecci\u00f3 de Dades i Garantia dels Drets Digitals (LOPDGDD).<\/p><p>L&#8217;usuari podr\u00e0 en qualsevol moment exercitar els drets d&#8217;acc\u00e9s, oposici\u00f3, rectificaci\u00f3, cancel\u00b7laci\u00f3, limitaci\u00f3 i portabilitat reconeguts a l&#8217;esmentat Reglament (UE). L&#8217;exercici d&#8217;aquests drets el pot fer el propi usuari a trav\u00e9s de correu electr\u00f2nic a: hola@pablojimenezalarcon.com oa l&#8217;adre\u00e7a: Pla\u00e7a Dolors Miralles, 3, C.P. 08202 \u2013 Sabadell (Barcelona). Us recordem que tamb\u00e9 teniu dret a presentar una reclamaci\u00f3 davant l&#8217;AEPD en els casos legalment previstos a www.aepd.es  <\/p><p>L&#8217;usuari manifesta que totes les dades facilitades per ell s\u00f3n certes i correctes, i es compromet a mantenir-les actualitzades, comunicant els canvis a Pablo Jim\u00e9nez Alarcon<\/p><h4><strong>Finalitat del tractament de les dades personals:<\/strong><\/h4><p><strong>Amb quina finalitat tractarem les teves dades personals?<\/strong><\/p><p>A Pablo Jim\u00e9nez Alarcon, tractarem les teves dades personals recollides a trav\u00e9s del Lloc Web: https:\/\/pablojimenezalarcon.com\/, amb les finalitats seg\u00fcents:<\/p><ol><li>Donar compliment de les obligacions, comercials, laborals, corporatives i comptables de l&#8217;empresa.<\/li><li>Prestar els serveis d&#8217;acord amb les necessitats particulars dels clients, per tal de complir els contractes subscrits per aquesta.<\/li><li>Enviament d&#8217;informaci\u00f3 comercial i butlletins sobre nous serveis oferts a la web i del sector.<\/li><li>Complir amb els processos interns de lempresa en mat\u00e8ria dadministraci\u00f3 de prove\u00efdors i contractistes.<\/li><li>El proc\u00e9s d&#8217;arxiu, actualitzaci\u00f3 dels sistemes, protecci\u00f3 i cust\u00f2dia d&#8217;informaci\u00f3 i bases de dades de l&#8217;empresa.<\/li><li>La transmissi\u00f3 de dades a tercers amb els quals s&#8217;hagin subscrit contractes a aquest objecte, per a fins comercials, contractuals, administratius, de m\u00e0rqueting i\/o operatius.<\/li><li>Amb prop\u00f2sits de seguretat o prevenci\u00f3 de frau.<\/li><li>Executar un contracte subscrit a dist\u00e0ncia amb lusuari.<\/li><li>Prestar els serveis contractats per l&#8217;usuari.<\/li><li>Enviar informaci\u00f3 promocional via electr\u00f2nica.<\/li><li>Facilitar la informaci\u00f3 sol\u00b7licitada per lusuari a trav\u00e9s del formulari de contacte.<\/li><\/ol><p>Et recordem que et pots oposar a l&#8217;enviament de comunicacions comercials per qualsevol via i en qualsevol moment, remetent un correu electr\u00f2nic a l&#8217;adre\u00e7a anteriorment indicada.<\/p><p>Els camps d&#8217;aquests registres s\u00f3n d&#8217;emplenament obligatori, i \u00e9s impossible fer les finalitats expressades si no s&#8217;aporten aquestes dades.<\/p><p><strong>Per quant de temps es conserven les dades personals recollides?<\/strong><\/p><p>Les dades personals proporcionades es conservaran mentre es mantingui la relaci\u00f3 comercial, durant la durada de les cookies de sessi\u00f3 i en els casos de contractaci\u00f3 serveis mentre no sol\u00b7liciteu la seva supressi\u00f3 i durant el termini pel qual es puguin derivar responsabilitats legals pels serveis prestats.<\/p><h4><strong>Legit<span style=\"font-family: inherit; font-style: inherit;\">imaci\u00f3:<\/span><\/strong><\/h4><p>El tractament de les teves dades es realitza amb les bases jur\u00eddiques seg\u00fcents que legitimen el mateix:<\/p><ol><li>La sol\u00b7licitud d&#8217;informaci\u00f3 i\/o la contractaci\u00f3 dels serveis de Pablo Jim\u00e9nez Alarcon, els termes i condicions dels quals es posaran a la teva disposici\u00f3 en tot cas, de forma pr\u00e8via a una eventual contractaci\u00f3.<\/li><li>El consentiment lliure, espec\u00edfic, informat i inequ\u00edvoc, en tant que t&#8217;informem posant a la teva disposici\u00f3 aquesta pol\u00edtica de privadesa, que despr\u00e9s de llegir-la, en cas d&#8217;estar conforme, pots acceptar mitjan\u00e7ant una declaraci\u00f3 o una clara acci\u00f3 afirmativa, com el marcatge d&#8217;una casella disposada a aquest efecte.<\/li><li>L&#8217;inter\u00e8s legitim per a l&#8217;enviament de comunicacions als clients.<\/li><li>El compliment d\u201funa obligaci\u00f3 legal en els casos de prestaci\u00f3 de serveis respecte a les dades de facturaci\u00f3<\/li><\/ol><p>En cas que no ens facilitis les teves dades o ho facis de forma err\u00f2nia o incompleta, no podrem atendre la teva sol\u00b7licitud, resultant del tot impossible proporcionar-te la informaci\u00f3 sol\u00b7licitada o dur a terme la contractaci\u00f3 dels serveis.<\/p><h4><strong>Destinataris:<\/strong><\/h4><p>Les dades no es comunicaran a cap tercer ali\u00e8 a Pablo Jim\u00e9nez Alarcon i els seus encarregats del tractament, excepte obligaci\u00f3 legal.<\/p><h4><strong>Dades recopilades per usuaris dels serveis<\/strong><\/h4><p>En els casos en qu\u00e8 l&#8217;usuari inclogui fitxers amb dades de car\u00e0cter personal als servidors d&#8217;allotjament compartit, Pablo Jim\u00e9nez Alarcon no es fa responsable de l&#8217;incompliment per part de l&#8217;usuari de l&#8217;RGPD.<\/p><h5>Drets propietat intel\u00b7lectual https:\/\/pablojimenezalarcon.com\/<\/h5><p>Pablo Jim\u00e9nez Alarcon \u00e9s titular de tots els drets d&#8217;autor, propietat intel\u00b7lectual, industrial, <em>know how<\/em> i tots els altres drets tenen relaci\u00f3 amb els continguts del lloc web https:\/\/pablojimenezalarcon.com\/ i els serveis que s&#8217;hi ofereixen, aix\u00ed com dels programes necessaris per a la seva implementaci\u00f3 i la informaci\u00f3 relacionada.<\/p><p>No es permet la reproducci\u00f3, publicaci\u00f3 i\/o \u00fas no estrictament privat dels continguts, totals o parcials, del lloc web https:\/\/pablojimenezalarcon.com\/ sense el consentiment previ i per escrit.<\/p><h4><strong>Propietat intel\u00b7lectual del programari<\/strong><\/h4><p>L&#8217;usuari ha de respectar els programes de tercers posats a la seva disposici\u00f3 per Pablo Jim\u00e9nez Alarcon, tot i ser gratu\u00efts i\/o de disposici\u00f3 p\u00fablica.<\/p><p>Pablo Jim\u00e9nez Alarcon disposa dels drets d&#8217;explotaci\u00f3 i propietat intel\u00b7lectual necessaris del programari.<\/p><p>L&#8217;usuari no adquireix cap dret o llic\u00e8ncia pel servei contractat, sobre el programari necessari per a la prestaci\u00f3 del servei, ni tampoc sobre la informaci\u00f3 t\u00e8cnica de seguiment del servei, excepci\u00f3 feta dels drets i llic\u00e8ncies necessaris per al compliment dels serveis contractats i \u00fanicament durant la seva durada.<\/p><p>Per a tota actuaci\u00f3 que excedeixi del compliment del contracte, l&#8217;usuari necessitar\u00e0 autoritzaci\u00f3 per escrit per part de Pablo Jim\u00e9nez Alarcon, quedant prohibit a l&#8217;usuari accedir, modificar, visualitzar la configuraci\u00f3, estructura i fitxers dels servidors propietat de Pablo Jim\u00e9nez Alarcon, assumint la responsabilitat civil i penal derivada de qualsevol incid\u00e8ncia que es pugui produir en els servidors i sistemes de seguretat com a conseq\u00fc\u00e8ncia.<\/p><h4><strong>Propietat intel\u00b7lectual dels continguts allotjats<\/strong><\/h4><p>Es prohibeix l&#8217;\u00fas contrari a la legislaci\u00f3 sobre propietat intel\u00b7lectual dels serveis prestats per Pablo Jim\u00e9nez Alarcon i, en particular:<\/p><ol><li>La utilitzaci\u00f3 que resulti contr\u00e0ria a les lleis espanyoles o que infringeixi els drets de tercers.<\/li><li>La publicaci\u00f3 o la transmissi\u00f3 de qualsevol contingut que, segons el parer de Pablo Jim\u00e9nez Alarcon, resulti violent, obsc\u00e8, abusiu, il\u00b7legal, racial, xen\u00f2fob o difamatori.<\/li><li>Els cracs, n\u00fameros de s\u00e8rie de programes o qualsevol altre contingut que vulneri drets de la propietat intel\u00b7lectual de tercers.<\/li><li>La recollida i\/o utilitzaci\u00f3 de dades personals d&#8217;altres usuaris sense el seu consentiment expr\u00e9s o contravenint el que disposa el Reglament (UE) 2016\/679 del Parlament Europeu i del Consell, de 27 d&#8217;abril de 2016, relatiu a la protecci\u00f3 de les persones f\u00edsiques pel que fa al tractament de dades personals i la lliure circulaci\u00f3 dels mateixos.<\/li><li>La utilitzaci\u00f3 del servidor de correu del domini i de les adreces de correu electr\u00f2nic per a l&#8217;enviament de correu massiu no desitjat.<\/li><\/ol><p>L&#8217;usuari t\u00e9 tota la responsabilitat sobre el contingut del web, la informaci\u00f3 transmesa i emmagatzemada, els enlla\u00e7os d&#8217;hipertext, les reivindicacions de tercers i les accions legals en refer\u00e8ncia a propietat intel\u00b7lectual, drets de tercers i protecci\u00f3 de menors.<\/p><p>L&#8217;usuari \u00e9s responsable respecte a les lleis i els reglaments en vigor i les regles que tenen a veure amb el funcionament del servei online, comer\u00e7 electr\u00f2nic, drets d&#8217;autor, manteniment de l&#8217;ordre p\u00fablic, aix\u00ed com principis universals d&#8217;\u00fas d&#8217;Internet.<\/p><p>L&#8217;usuari indemnitzar\u00e0 Pablo Jim\u00e9nez Alarcon per les despeses que gener\u00e9s la imputaci\u00f3 de Pablo Jim\u00e9nez Alarcon en alguna causa la responsabilitat de la qual fos atribu\u00efble a l&#8217;usuari, inclosos honoraris i despeses de defensa jur\u00eddica, fins i tot en el cas d&#8217;una decisi\u00f3 judicial no definitiva.<\/p><h4><strong>Protecci\u00f3 de la informaci\u00f3 allotjada<\/strong><\/h4><p>Pablo Jim\u00e9nez Alarcon realitza c\u00f2pies de seguretat dels continguts allotjats als seus servidors, per\u00f2 no es responsabilitza de la p\u00e8rdua o esborrament accidental de les dades per part dels usuaris. De la mateixa manera, no garanteix la reposici\u00f3 total de les dades esborrades pels usuaris, ja que les dades esmentades podrien haver estat suprimides i\/o modificades durant el per\u00edode del temps transcorregut des de l&#8217;\u00faltima c\u00f2pia de seguretat.<\/p><p>Els serveis oferts, excepte els serveis espec\u00edfics de backup, no inclouen la reposici\u00f3 dels continguts conservats a les c\u00f2pies de seguretat realitzades per Pablo Jim\u00e9nez Alarcon, quan aquesta p\u00e8rdua sigui imputable a l&#8217;usuari; en aquest cas, es determinar\u00e0 una tarifa d&#8217;acord amb la complexitat i el volum de la recuperaci\u00f3, sempre pr\u00e8via acceptaci\u00f3 de l&#8217;usuari.<\/p><p>La reposici\u00f3 de dades esborrades nom\u00e9s est\u00e0 inclosa en el preu del servei quan la p\u00e8rdua del contingut sigui deguda a causes atribu\u00efbles a Pablo Jim\u00e9nez Alarcon.<\/p><h4><strong>Comunicacions comercials<\/strong><\/h4><p>En aplicaci\u00f3 de la LSSI. Pablo Jim\u00e9nez Alarcon no enviar\u00e0 comunicacions publicit\u00e0ries o promocionals per correu electr\u00f2nic o altre mitj\u00e0 de comunicaci\u00f3 electr\u00f2nica equivalent que pr\u00e8viament no hagin estat sol\u00b7licitades o expressament autoritzades pels destinataris de les mateixes.<\/p><p>En el cas d&#8217;usuaris amb qu\u00e8 hi hagi una relaci\u00f3 contractual pr\u00e8via, Pablo Jim\u00e9nez Alarcon s\u00ed que est\u00e0 autoritzat a l&#8217;enviament de comunicacions comercials referents a productes o serveis de Pablo Jim\u00e9nez Alarcon que siguin similars als que inicialment van ser objecte de contractaci\u00f3 amb el client.<\/p><p>En tot cas, l&#8217;usuari, despr\u00e9s d&#8217;acreditar-ne la identitat, podr\u00e0 sol\u00b7licitar que no se li faci arribar m\u00e9s informaci\u00f3 comercial a trav\u00e9s dels canals d&#8217;Atenci\u00f3 al Client.<\/p><p>REV: 25\/6\/2025<\/p>\t\t\t\t\t\t\t\t<\/div>\n\t\t\t\t<\/div>\n\t\t\t\t<\/div>\n\t\t\t\t\t<\/div>\n\t\t\t\t<\/div>\n\t\t\t\t<\/div>\n\t\t","protected":false},"excerpt":{"rendered":"<p>Pol\u00edtica de privacitat Pol\u00edtiques Pol\u00edtica de privacitat Pol\u00edtica de privacidad Pablo Jim\u00e9nez Alarcon, en aplicaci\u00f3 de la normativa vigent en mat\u00e8ria de protecci\u00f3 de dades de car\u00e0cter personal, informa que les dades personals que es recullen a trav\u00e9s dels formularis del Lloc web: https:\/\/pablojimenezalarcon.com\/, s&#8217;inclouen als fitxers automatitzats espec\u00edfics d&#8217;usuaris dels serveis de Pablo Jim\u00e9nez &#8230; <a title=\"Pol\u00edtica de privacitat\" class=\"read-more\" href=\"https:\/\/pablojimenezalarcon.com\/ca\/politica-de-privacitat\/\" aria-label=\"M\u00e9s informaci\u00f3 sobre Pol\u00edtica de privacitat\">Llegiu m\u00e9s<\/a><\/p>\n","protected":false},"author":1,"featured_media":0,"parent":0,"menu_order":0,"comment_status":"closed","ping_status":"closed","template":"elementor_header_footer","meta":{"footnotes":""},"class_list":["post-1065","page","type-page","status-publish"],"yoast_head":"<!-- This site is optimized with the Yoast SEO plugin v26.7 - https:\/\/yoast.com\/wordpress\/plugins\/seo\/ -->\n<title>Pol\u00edtica de privacitat - Pablo Jim\u00e9nez Alarc\u00f3n<\/title>\n<meta name=\"description\" content=\"Pablo Jim\u00e9nez Alarcon, en aplicaci\u00f3 de la normativa vigent en mat\u00e8ria de protecci\u00f3 de dades de car\u00e0cter personal.\" \/>\n<meta name=\"robots\" content=\"index, follow, max-snippet:-1, max-image-preview:large, max-video-preview:-1\" \/>\n<link rel=\"canonical\" href=\"https:\/\/pablojimenezalarcon.com\/ca\/politica-de-privacitat\/\" \/>\n<meta property=\"og:locale\" content=\"ca_ES\" \/>\n<meta property=\"og:type\" content=\"article\" \/>\n<meta property=\"og:title\" content=\"Pol\u00edtica de privacitat - Pablo Jim\u00e9nez Alarc\u00f3n\" \/>\n<meta property=\"og:description\" content=\"Pablo Jim\u00e9nez Alarcon, en aplicaci\u00f3 de la normativa vigent en mat\u00e8ria de protecci\u00f3 de dades de car\u00e0cter personal.\" \/>\n<meta property=\"og:url\" content=\"https:\/\/pablojimenezalarcon.com\/ca\/politica-de-privacitat\/\" \/>\n<meta property=\"og:site_name\" content=\"Pablo Jim\u00e9nez Alarc\u00f3n\" \/>\n<meta property=\"article:modified_time\" content=\"2025-07-08T14:56:17+00:00\" \/>\n<meta name=\"twitter:card\" content=\"summary_large_image\" \/>\n<meta name=\"twitter:label1\" content=\"Temps estimat de lectura\" \/>\n\t<meta name=\"twitter:data1\" content=\"8 minuts\" \/>\n<script type=\"application\/ld+json\" class=\"yoast-schema-graph\">{\"@context\":\"https:\/\/schema.org\",\"@graph\":[{\"@type\":\"WebPage\",\"@id\":\"https:\/\/pablojimenezalarcon.com\/ca\/politica-de-privacitat\/\",\"url\":\"https:\/\/pablojimenezalarcon.com\/ca\/politica-de-privacitat\/\",\"name\":\"Pol\u00edtica de privacitat - Pablo Jim\u00e9nez Alarc\u00f3n\",\"isPartOf\":{\"@id\":\"https:\/\/pablojimenezalarcon.com\/ca\/#website\"},\"datePublished\":\"2025-07-07T09:03:48+00:00\",\"dateModified\":\"2025-07-08T14:56:17+00:00\",\"description\":\"Pablo Jim\u00e9nez Alarcon, en aplicaci\u00f3 de la normativa vigent en mat\u00e8ria de protecci\u00f3 de dades de car\u00e0cter personal.\",\"breadcrumb\":{\"@id\":\"https:\/\/pablojimenezalarcon.com\/ca\/politica-de-privacitat\/#breadcrumb\"},\"inLanguage\":\"ca\",\"potentialAction\":[{\"@type\":\"ReadAction\",\"target\":[\"https:\/\/pablojimenezalarcon.com\/ca\/politica-de-privacitat\/\"]}]},{\"@type\":\"BreadcrumbList\",\"@id\":\"https:\/\/pablojimenezalarcon.com\/ca\/politica-de-privacitat\/#breadcrumb\",\"itemListElement\":[{\"@type\":\"ListItem\",\"position\":1,\"name\":\"Portada\",\"item\":\"https:\/\/pablojimenezalarcon.com\/ca\/\"},{\"@type\":\"ListItem\",\"position\":2,\"name\":\"Pol\u00edtica de privacitat\"}]},{\"@type\":\"WebSite\",\"@id\":\"https:\/\/pablojimenezalarcon.com\/ca\/#website\",\"url\":\"https:\/\/pablojimenezalarcon.com\/ca\/\",\"name\":\"Pablo Jim\u00e9nez Alarc\u00f3n\",\"description\":\"Consultor y asesor de industria log\u00edstica global.\",\"publisher\":{\"@id\":\"https:\/\/pablojimenezalarcon.com\/ca\/#organization\"},\"potentialAction\":[{\"@type\":\"SearchAction\",\"target\":{\"@type\":\"EntryPoint\",\"urlTemplate\":\"https:\/\/pablojimenezalarcon.com\/ca\/?s={search_term_string}\"},\"query-input\":{\"@type\":\"PropertyValueSpecification\",\"valueRequired\":true,\"valueName\":\"search_term_string\"}}],\"inLanguage\":\"ca\"},{\"@type\":\"Organization\",\"@id\":\"https:\/\/pablojimenezalarcon.com\/ca\/#organization\",\"name\":\"Pablo Jim\u00e9nez Alarc\u00f3n\",\"url\":\"https:\/\/pablojimenezalarcon.com\/ca\/\",\"logo\":{\"@type\":\"ImageObject\",\"inLanguage\":\"ca\",\"@id\":\"https:\/\/pablojimenezalarcon.com\/ca\/#\/schema\/logo\/image\/\",\"url\":\"https:\/\/pablojimenezalarcon.com\/wp-content\/uploads\/2025\/05\/Logo-PJA-color-A-blanca-2.png\",\"contentUrl\":\"https:\/\/pablojimenezalarcon.com\/wp-content\/uploads\/2025\/05\/Logo-PJA-color-A-blanca-2.png\",\"width\":842,\"height\":595,\"caption\":\"Pablo Jim\u00e9nez Alarc\u00f3n\"},\"image\":{\"@id\":\"https:\/\/pablojimenezalarcon.com\/ca\/#\/schema\/logo\/image\/\"}}]}<\/script>\n<!-- \/ Yoast SEO plugin. -->","yoast_head_json":{"title":"Pol\u00edtica de privacitat - Pablo Jim\u00e9nez Alarc\u00f3n","description":"Pablo Jim\u00e9nez Alarcon, en aplicaci\u00f3 de la normativa vigent en mat\u00e8ria de protecci\u00f3 de dades de car\u00e0cter personal.","robots":{"index":"index","follow":"follow","max-snippet":"max-snippet:-1","max-image-preview":"max-image-preview:large","max-video-preview":"max-video-preview:-1"},"canonical":"https:\/\/pablojimenezalarcon.com\/ca\/politica-de-privacitat\/","og_locale":"ca_ES","og_type":"article","og_title":"Pol\u00edtica de privacitat - Pablo Jim\u00e9nez Alarc\u00f3n","og_description":"Pablo Jim\u00e9nez Alarcon, en aplicaci\u00f3 de la normativa vigent en mat\u00e8ria de protecci\u00f3 de dades de car\u00e0cter personal.","og_url":"https:\/\/pablojimenezalarcon.com\/ca\/politica-de-privacitat\/","og_site_name":"Pablo Jim\u00e9nez Alarc\u00f3n","article_modified_time":"2025-07-08T14:56:17+00:00","twitter_card":"summary_large_image","twitter_misc":{"Temps estimat de lectura":"8 minuts"},"schema":{"@context":"https:\/\/schema.org","@graph":[{"@type":"WebPage","@id":"https:\/\/pablojimenezalarcon.com\/ca\/politica-de-privacitat\/","url":"https:\/\/pablojimenezalarcon.com\/ca\/politica-de-privacitat\/","name":"Pol\u00edtica de privacitat - Pablo Jim\u00e9nez Alarc\u00f3n","isPartOf":{"@id":"https:\/\/pablojimenezalarcon.com\/ca\/#website"},"datePublished":"2025-07-07T09:03:48+00:00","dateModified":"2025-07-08T14:56:17+00:00","description":"Pablo Jim\u00e9nez Alarcon, en aplicaci\u00f3 de la normativa vigent en mat\u00e8ria de protecci\u00f3 de dades de car\u00e0cter personal.","breadcrumb":{"@id":"https:\/\/pablojimenezalarcon.com\/ca\/politica-de-privacitat\/#breadcrumb"},"inLanguage":"ca","potentialAction":[{"@type":"ReadAction","target":["https:\/\/pablojimenezalarcon.com\/ca\/politica-de-privacitat\/"]}]},{"@type":"BreadcrumbList","@id":"https:\/\/pablojimenezalarcon.com\/ca\/politica-de-privacitat\/#breadcrumb","itemListElement":[{"@type":"ListItem","position":1,"name":"Portada","item":"https:\/\/pablojimenezalarcon.com\/ca\/"},{"@type":"ListItem","position":2,"name":"Pol\u00edtica de privacitat"}]},{"@type":"WebSite","@id":"https:\/\/pablojimenezalarcon.com\/ca\/#website","url":"https:\/\/pablojimenezalarcon.com\/ca\/","name":"Pablo Jim\u00e9nez Alarc\u00f3n","description":"Consultor y asesor de industria log\u00edstica global.","publisher":{"@id":"https:\/\/pablojimenezalarcon.com\/ca\/#organization"},"potentialAction":[{"@type":"SearchAction","target":{"@type":"EntryPoint","urlTemplate":"https:\/\/pablojimenezalarcon.com\/ca\/?s={search_term_string}"},"query-input":{"@type":"PropertyValueSpecification","valueRequired":true,"valueName":"search_term_string"}}],"inLanguage":"ca"},{"@type":"Organization","@id":"https:\/\/pablojimenezalarcon.com\/ca\/#organization","name":"Pablo Jim\u00e9nez Alarc\u00f3n","url":"https:\/\/pablojimenezalarcon.com\/ca\/","logo":{"@type":"ImageObject","inLanguage":"ca","@id":"https:\/\/pablojimenezalarcon.com\/ca\/#\/schema\/logo\/image\/","url":"https:\/\/pablojimenezalarcon.com\/wp-content\/uploads\/2025\/05\/Logo-PJA-color-A-blanca-2.png","contentUrl":"https:\/\/pablojimenezalarcon.com\/wp-content\/uploads\/2025\/05\/Logo-PJA-color-A-blanca-2.png","width":842,"height":595,"caption":"Pablo Jim\u00e9nez Alarc\u00f3n"},"image":{"@id":"https:\/\/pablojimenezalarcon.com\/ca\/#\/schema\/logo\/image\/"}}]}},"_links":{"self":[{"href":"https:\/\/pablojimenezalarcon.com\/ca\/wp-json\/wp\/v2\/pages\/1065","targetHints":{"allow":["GET"]}}],"collection":[{"href":"https:\/\/pablojimenezalarcon.com\/ca\/wp-json\/wp\/v2\/pages"}],"about":[{"href":"https:\/\/pablojimenezalarcon.com\/ca\/wp-json\/wp\/v2\/types\/page"}],"author":[{"embeddable":true,"href":"https:\/\/pablojimenezalarcon.com\/ca\/wp-json\/wp\/v2\/users\/1"}],"replies":[{"embeddable":true,"href":"https:\/\/pablojimenezalarcon.com\/ca\/wp-json\/wp\/v2\/comments?post=1065"}],"version-history":[{"count":2,"href":"https:\/\/pablojimenezalarcon.com\/ca\/wp-json\/wp\/v2\/pages\/1065\/revisions"}],"predecessor-version":[{"id":1110,"href":"https:\/\/pablojimenezalarcon.com\/ca\/wp-json\/wp\/v2\/pages\/1065\/revisions\/1110"}],"wp:attachment":[{"href":"https:\/\/pablojimenezalarcon.com\/ca\/wp-json\/wp\/v2\/media?parent=1065"}],"curies":[{"name":"wp","href":"https:\/\/api.w.org\/{rel}","templated":true}]}}