{"id":1063,"date":"2025-07-07T09:58:24","date_gmt":"2025-07-07T09:58:24","guid":{"rendered":"https:\/\/pablojimenezalarcon.com\/avis-legal\/"},"modified":"2025-07-08T14:55:28","modified_gmt":"2025-07-08T14:55:28","slug":"avis-legal","status":"publish","type":"page","link":"https:\/\/pablojimenezalarcon.com\/ca\/avis-legal\/","title":{"rendered":"Av\u00eds Legal"},"content":{"rendered":"\t\t<div data-elementor-type=\"wp-page\" data-elementor-id=\"1063\" class=\"elementor elementor-1063 elementor-968\" data-elementor-post-type=\"page\">\n\t\t\t\t<div class=\"elementor-element elementor-element-799c76bd e-flex e-con-boxed e-con e-parent\" data-id=\"799c76bd\" data-element_type=\"container\">\n\t\t\t\t\t<div class=\"e-con-inner\">\n\t\t\t\t<div class=\"elementor-element elementor-element-4c5af955 elementor-widget elementor-widget-heading\" data-id=\"4c5af955\" data-element_type=\"widget\" data-widget_type=\"heading.default\">\n\t\t\t\t<div class=\"elementor-widget-container\">\n\t\t\t\t\t<h1 class=\"elementor-heading-title elementor-size-default\">Av\u00eds Legal<\/h1>\t\t\t\t<\/div>\n\t\t\t\t<\/div>\n\t\t\t\t<div class=\"elementor-element elementor-element-7dd9cc1b elementor-icon-list--layout-inline elementor-align-center elementor-list-item-link-full_width elementor-widget elementor-widget-icon-list\" data-id=\"7dd9cc1b\" data-element_type=\"widget\" data-widget_type=\"icon-list.default\">\n\t\t\t\t<div class=\"elementor-widget-container\">\n\t\t\t\t\t\t\t<ul class=\"elementor-icon-list-items elementor-inline-items\">\n\t\t\t\t\t\t\t<li class=\"elementor-icon-list-item elementor-inline-item\">\n\t\t\t\t\t\t\t\t\t\t\t<a href=\"#\">\n\n\t\t\t\t\t\t\t\t\t\t\t<span class=\"elementor-icon-list-text\">Pol\u00edtiques<\/span>\n\t\t\t\t\t\t\t\t\t\t\t<\/a>\n\t\t\t\t\t\t\t\t\t<\/li>\n\t\t\t\t\t\t\t\t<li class=\"elementor-icon-list-item elementor-inline-item\">\n\t\t\t\t\t\t\t\t\t\t\t<a href=\"http:\/\/serveis\" target=\"_blank\">\n\n\t\t\t\t\t\t\t\t\t\t\t\t<span class=\"elementor-icon-list-icon\">\n\t\t\t\t\t\t\t<svg aria-hidden=\"true\" class=\"e-font-icon-svg e-fas-circle\" viewBox=\"0 0 512 512\" xmlns=\"http:\/\/www.w3.org\/2000\/svg\"><path d=\"M256 8C119 8 8 119 8 256s111 248 248 248 248-111 248-248S393 8 256 8z\"><\/path><\/svg>\t\t\t\t\t\t<\/span>\n\t\t\t\t\t\t\t\t\t\t<span class=\"elementor-icon-list-text\">Av\u00eds Legal<\/span>\n\t\t\t\t\t\t\t\t\t\t\t<\/a>\n\t\t\t\t\t\t\t\t\t<\/li>\n\t\t\t\t\t\t<\/ul>\n\t\t\t\t\t\t<\/div>\n\t\t\t\t<\/div>\n\t\t\t\t\t<\/div>\n\t\t\t\t<\/div>\n\t\t<div class=\"elementor-element elementor-element-666215ee e-flex e-con-boxed e-con e-parent\" data-id=\"666215ee\" data-element_type=\"container\">\n\t\t\t\t\t<div class=\"e-con-inner\">\n\t\t<div class=\"elementor-element elementor-element-cc68b5 e-con-full e-flex e-con e-child\" data-id=\"cc68b5\" data-element_type=\"container\">\n\t\t\t\t<div class=\"elementor-element elementor-element-247447ca elementor-widget elementor-widget-elementskit-heading\" data-id=\"247447ca\" data-element_type=\"widget\" data-widget_type=\"elementskit-heading.default\">\n\t\t\t\t<div class=\"elementor-widget-container\">\n\t\t\t\t\t<div class=\"ekit-wid-con\" ><div class=\"ekit-heading elementskit-section-title-wraper text_left   ekit_heading_tablet-   ekit_heading_mobile-\"><h3 class=\"ekit-heading--title elementskit-section-title \">Av\u00eds <span><span>Legal<\/span><\/span> <\/h3><\/div><\/div>\t\t\t\t<\/div>\n\t\t\t\t<\/div>\n\t\t\t\t<div class=\"elementor-element elementor-element-2819e1e9 elementor-widget elementor-widget-text-editor\" data-id=\"2819e1e9\" data-element_type=\"widget\" data-widget_type=\"text-editor.default\">\n\t\t\t\t<div class=\"elementor-widget-container\">\n\t\t\t\t\t\t\t\t\t<p>En compliment amb el deure informaci\u00f3 recollit a l&#8217;article 10 de la Llei 34\/2002, d&#8217;11 de juliol, de Serveis de la Societat de la Informaci\u00f3 i del Comer\u00e7 Electr\u00f2nic (LSSICE), el propietari de la web, us informa del seg\u00fcent:<\/p><ul><li>Denominaci\u00f3 social: Pablo Jim\u00e9nez Alarcon<\/li><li>NIF: 33869538Z<\/li><li>Domicili: Pla\u00e7a Dolors Miralles, 3, 08202 &#8211; Sabadell (Barcelona)<\/li><\/ul><p>Amb els l\u00edmits establerts a la llei, Pablo Jim\u00e9nez Alarcon no assumeix cap responsabilitat derivada de la manca de veracitat, integritat, actualitzaci\u00f3 i precisi\u00f3 de les dades o informacions que contenen les seves p\u00e0gines web.<\/p><p>Els continguts i la informaci\u00f3 no vinculen Pablo Jim\u00e9nez Alarcon ni constitueixen opinions, consells o assessorament legal de cap tipus, ja que es tracta merament d&#8217;un servei ofert amb car\u00e0cter informatiu i divulgatiu.<\/p><p>Les p\u00e0gines d&#8217;Internet de Pablo Jim\u00e9nez Alarcon poden contenir enlla\u00e7os a altres p\u00e0gines de terceres parts que Pablo Jim\u00e9nez Alarcon no pot controlar. Per tant, Pablo Jim\u00e9nez Alarcon no pot assumir responsabilitats pel contingut que pugui apar\u00e8ixer a p\u00e0gines de tercers. <\/p><p>Els textos, imatges, sons, animacions, programari i la resta de continguts inclosos en aquest website s\u00f3n propietat exclusiva de Pablo Jim\u00e9nez Alarcon o els seus llicenciants. Qualsevol acte de transmissi\u00f3, distribuci\u00f3, cessi\u00f3, reproducci\u00f3, emmagatzematge o comunicaci\u00f3 p\u00fablica total o parcial haur\u00e0 de comptar amb el consentiment expr\u00e9s de Pablo Jim\u00e9nez Alarcon. <\/p><p>Aix\u00ed mateix, per accedir a alguns dels serveis que Pablo Jim\u00e9nez Alarcon ofereix a trav\u00e9s del lloc web, heu de proporcionar algunes dades de car\u00e0cter personal. En compliment del que estableix el Reglament (UE) 2016\/679 del Parlament Europeu i del Consell, de 27 d&#8217;abril de 2016, relatiu a la protecci\u00f3 de les persones f\u00edsiques pel que fa al tractament de dades personals ia la lliure circulaci\u00f3 d&#8217;aquestes dades us informem que, mitjan\u00e7ant l&#8217;emplenament dels presents formularis, les dades personals quedaran incorporades per tal de poder-vos prestar i oferir els nostres serveis aix\u00ed com per informar-vos de les millores del lloc web. <\/p><p>Us informem tamb\u00e9 que tindreu la possibilitat en tot moment d&#8217;exercir els drets d&#8217;acc\u00e9s, rectificaci\u00f3, cancel\u00b7laci\u00f3, oposici\u00f3, limitaci\u00f3 i portabilitat de les vostres dades de car\u00e0cter personal, de manera gratu\u00efta mitjan\u00e7ant email a: hola@pablojimenezalarcon.com oa l&#8217;adre\u00e7a: Pla\u00e7a Dolors Miralles, 3, 08202 &#8211; Sabadell (Barcelona).<\/p><p> <\/p>\t\t\t\t\t\t\t\t<\/div>\n\t\t\t\t<\/div>\n\t\t\t\t<\/div>\n\t\t\t\t\t<\/div>\n\t\t\t\t<\/div>\n\t\t\t\t<\/div>\n\t\t","protected":false},"excerpt":{"rendered":"<p>Av\u00eds Legal Pol\u00edtiques Av\u00eds Legal Av\u00eds Legal En compliment amb el deure informaci\u00f3 recollit a l&#8217;article 10 de la Llei 34\/2002, d&#8217;11 de juliol, de Serveis de la Societat de la Informaci\u00f3 i del Comer\u00e7 Electr\u00f2nic (LSSICE), el propietari de la web, us informa del seg\u00fcent: Denominaci\u00f3 social: Pablo Jim\u00e9nez Alarcon NIF: 33869538Z Domicili: Pla\u00e7a &#8230; <a title=\"Av\u00eds Legal\" class=\"read-more\" href=\"https:\/\/pablojimenezalarcon.com\/ca\/avis-legal\/\" aria-label=\"M\u00e9s informaci\u00f3 sobre Av\u00eds Legal\">Llegiu m\u00e9s<\/a><\/p>\n","protected":false},"author":1,"featured_media":0,"parent":0,"menu_order":0,"comment_status":"closed","ping_status":"closed","template":"elementor_header_footer","meta":{"footnotes":""},"class_list":["post-1063","page","type-page","status-publish"],"yoast_head":"<!-- This site is optimized with the Yoast SEO plugin v26.7 - https:\/\/yoast.com\/wordpress\/plugins\/seo\/ -->\n<title>Av\u00eds Legal - Pablo Jim\u00e9nez Alarc\u00f3n<\/title>\n<meta name=\"robots\" content=\"index, follow, max-snippet:-1, max-image-preview:large, max-video-preview:-1\" \/>\n<link rel=\"canonical\" href=\"https:\/\/pablojimenezalarcon.com\/ca\/avis-legal\/\" \/>\n<meta property=\"og:locale\" content=\"ca_ES\" \/>\n<meta property=\"og:type\" content=\"article\" \/>\n<meta property=\"og:title\" content=\"Av\u00eds Legal - Pablo Jim\u00e9nez Alarc\u00f3n\" \/>\n<meta property=\"og:description\" content=\"Av\u00eds Legal Pol\u00edtiques Av\u00eds Legal Av\u00eds Legal En compliment amb el deure informaci\u00f3 recollit a l&#8217;article 10 de la Llei 34\/2002, d&#8217;11 de juliol, de Serveis de la Societat de la Informaci\u00f3 i del Comer\u00e7 Electr\u00f2nic (LSSICE), el propietari de la web, us informa del seg\u00fcent: Denominaci\u00f3 social: Pablo Jim\u00e9nez Alarcon NIF: 33869538Z Domicili: Pla\u00e7a ... Llegiu m\u00e9s\" \/>\n<meta property=\"og:url\" content=\"https:\/\/pablojimenezalarcon.com\/ca\/avis-legal\/\" \/>\n<meta property=\"og:site_name\" content=\"Pablo Jim\u00e9nez Alarc\u00f3n\" \/>\n<meta property=\"article:modified_time\" content=\"2025-07-08T14:55:28+00:00\" \/>\n<meta name=\"twitter:card\" content=\"summary_large_image\" \/>\n<meta name=\"twitter:label1\" content=\"Temps estimat de lectura\" \/>\n\t<meta name=\"twitter:data1\" content=\"2 minuts\" \/>\n<script type=\"application\/ld+json\" class=\"yoast-schema-graph\">{\"@context\":\"https:\/\/schema.org\",\"@graph\":[{\"@type\":\"WebPage\",\"@id\":\"https:\/\/pablojimenezalarcon.com\/ca\/avis-legal\/\",\"url\":\"https:\/\/pablojimenezalarcon.com\/ca\/avis-legal\/\",\"name\":\"Av\u00eds Legal - Pablo Jim\u00e9nez Alarc\u00f3n\",\"isPartOf\":{\"@id\":\"https:\/\/pablojimenezalarcon.com\/ca\/#website\"},\"datePublished\":\"2025-07-07T09:58:24+00:00\",\"dateModified\":\"2025-07-08T14:55:28+00:00\",\"breadcrumb\":{\"@id\":\"https:\/\/pablojimenezalarcon.com\/ca\/avis-legal\/#breadcrumb\"},\"inLanguage\":\"ca\",\"potentialAction\":[{\"@type\":\"ReadAction\",\"target\":[\"https:\/\/pablojimenezalarcon.com\/ca\/avis-legal\/\"]}]},{\"@type\":\"BreadcrumbList\",\"@id\":\"https:\/\/pablojimenezalarcon.com\/ca\/avis-legal\/#breadcrumb\",\"itemListElement\":[{\"@type\":\"ListItem\",\"position\":1,\"name\":\"Portada\",\"item\":\"https:\/\/pablojimenezalarcon.com\/ca\/\"},{\"@type\":\"ListItem\",\"position\":2,\"name\":\"Av\u00eds Legal\"}]},{\"@type\":\"WebSite\",\"@id\":\"https:\/\/pablojimenezalarcon.com\/ca\/#website\",\"url\":\"https:\/\/pablojimenezalarcon.com\/ca\/\",\"name\":\"Pablo Jim\u00e9nez Alarc\u00f3n\",\"description\":\"Consultor y asesor de industria log\u00edstica global.\",\"publisher\":{\"@id\":\"https:\/\/pablojimenezalarcon.com\/ca\/#organization\"},\"potentialAction\":[{\"@type\":\"SearchAction\",\"target\":{\"@type\":\"EntryPoint\",\"urlTemplate\":\"https:\/\/pablojimenezalarcon.com\/ca\/?s={search_term_string}\"},\"query-input\":{\"@type\":\"PropertyValueSpecification\",\"valueRequired\":true,\"valueName\":\"search_term_string\"}}],\"inLanguage\":\"ca\"},{\"@type\":\"Organization\",\"@id\":\"https:\/\/pablojimenezalarcon.com\/ca\/#organization\",\"name\":\"Pablo Jim\u00e9nez Alarc\u00f3n\",\"url\":\"https:\/\/pablojimenezalarcon.com\/ca\/\",\"logo\":{\"@type\":\"ImageObject\",\"inLanguage\":\"ca\",\"@id\":\"https:\/\/pablojimenezalarcon.com\/ca\/#\/schema\/logo\/image\/\",\"url\":\"https:\/\/pablojimenezalarcon.com\/wp-content\/uploads\/2025\/05\/Logo-PJA-color-A-blanca-2.png\",\"contentUrl\":\"https:\/\/pablojimenezalarcon.com\/wp-content\/uploads\/2025\/05\/Logo-PJA-color-A-blanca-2.png\",\"width\":842,\"height\":595,\"caption\":\"Pablo Jim\u00e9nez Alarc\u00f3n\"},\"image\":{\"@id\":\"https:\/\/pablojimenezalarcon.com\/ca\/#\/schema\/logo\/image\/\"}}]}<\/script>\n<!-- \/ Yoast SEO plugin. -->","yoast_head_json":{"title":"Av\u00eds Legal - Pablo Jim\u00e9nez Alarc\u00f3n","robots":{"index":"index","follow":"follow","max-snippet":"max-snippet:-1","max-image-preview":"max-image-preview:large","max-video-preview":"max-video-preview:-1"},"canonical":"https:\/\/pablojimenezalarcon.com\/ca\/avis-legal\/","og_locale":"ca_ES","og_type":"article","og_title":"Av\u00eds Legal - Pablo Jim\u00e9nez Alarc\u00f3n","og_description":"Av\u00eds Legal Pol\u00edtiques Av\u00eds Legal Av\u00eds Legal En compliment amb el deure informaci\u00f3 recollit a l&#8217;article 10 de la Llei 34\/2002, d&#8217;11 de juliol, de Serveis de la Societat de la Informaci\u00f3 i del Comer\u00e7 Electr\u00f2nic (LSSICE), el propietari de la web, us informa del seg\u00fcent: Denominaci\u00f3 social: Pablo Jim\u00e9nez Alarcon NIF: 33869538Z Domicili: Pla\u00e7a ... Llegiu m\u00e9s","og_url":"https:\/\/pablojimenezalarcon.com\/ca\/avis-legal\/","og_site_name":"Pablo Jim\u00e9nez Alarc\u00f3n","article_modified_time":"2025-07-08T14:55:28+00:00","twitter_card":"summary_large_image","twitter_misc":{"Temps estimat de lectura":"2 minuts"},"schema":{"@context":"https:\/\/schema.org","@graph":[{"@type":"WebPage","@id":"https:\/\/pablojimenezalarcon.com\/ca\/avis-legal\/","url":"https:\/\/pablojimenezalarcon.com\/ca\/avis-legal\/","name":"Av\u00eds Legal - Pablo Jim\u00e9nez Alarc\u00f3n","isPartOf":{"@id":"https:\/\/pablojimenezalarcon.com\/ca\/#website"},"datePublished":"2025-07-07T09:58:24+00:00","dateModified":"2025-07-08T14:55:28+00:00","breadcrumb":{"@id":"https:\/\/pablojimenezalarcon.com\/ca\/avis-legal\/#breadcrumb"},"inLanguage":"ca","potentialAction":[{"@type":"ReadAction","target":["https:\/\/pablojimenezalarcon.com\/ca\/avis-legal\/"]}]},{"@type":"BreadcrumbList","@id":"https:\/\/pablojimenezalarcon.com\/ca\/avis-legal\/#breadcrumb","itemListElement":[{"@type":"ListItem","position":1,"name":"Portada","item":"https:\/\/pablojimenezalarcon.com\/ca\/"},{"@type":"ListItem","position":2,"name":"Av\u00eds Legal"}]},{"@type":"WebSite","@id":"https:\/\/pablojimenezalarcon.com\/ca\/#website","url":"https:\/\/pablojimenezalarcon.com\/ca\/","name":"Pablo Jim\u00e9nez Alarc\u00f3n","description":"Consultor y asesor de industria log\u00edstica global.","publisher":{"@id":"https:\/\/pablojimenezalarcon.com\/ca\/#organization"},"potentialAction":[{"@type":"SearchAction","target":{"@type":"EntryPoint","urlTemplate":"https:\/\/pablojimenezalarcon.com\/ca\/?s={search_term_string}"},"query-input":{"@type":"PropertyValueSpecification","valueRequired":true,"valueName":"search_term_string"}}],"inLanguage":"ca"},{"@type":"Organization","@id":"https:\/\/pablojimenezalarcon.com\/ca\/#organization","name":"Pablo Jim\u00e9nez Alarc\u00f3n","url":"https:\/\/pablojimenezalarcon.com\/ca\/","logo":{"@type":"ImageObject","inLanguage":"ca","@id":"https:\/\/pablojimenezalarcon.com\/ca\/#\/schema\/logo\/image\/","url":"https:\/\/pablojimenezalarcon.com\/wp-content\/uploads\/2025\/05\/Logo-PJA-color-A-blanca-2.png","contentUrl":"https:\/\/pablojimenezalarcon.com\/wp-content\/uploads\/2025\/05\/Logo-PJA-color-A-blanca-2.png","width":842,"height":595,"caption":"Pablo Jim\u00e9nez Alarc\u00f3n"},"image":{"@id":"https:\/\/pablojimenezalarcon.com\/ca\/#\/schema\/logo\/image\/"}}]}},"_links":{"self":[{"href":"https:\/\/pablojimenezalarcon.com\/ca\/wp-json\/wp\/v2\/pages\/1063","targetHints":{"allow":["GET"]}}],"collection":[{"href":"https:\/\/pablojimenezalarcon.com\/ca\/wp-json\/wp\/v2\/pages"}],"about":[{"href":"https:\/\/pablojimenezalarcon.com\/ca\/wp-json\/wp\/v2\/types\/page"}],"author":[{"embeddable":true,"href":"https:\/\/pablojimenezalarcon.com\/ca\/wp-json\/wp\/v2\/users\/1"}],"replies":[{"embeddable":true,"href":"https:\/\/pablojimenezalarcon.com\/ca\/wp-json\/wp\/v2\/comments?post=1063"}],"version-history":[{"count":1,"href":"https:\/\/pablojimenezalarcon.com\/ca\/wp-json\/wp\/v2\/pages\/1063\/revisions"}],"predecessor-version":[{"id":1064,"href":"https:\/\/pablojimenezalarcon.com\/ca\/wp-json\/wp\/v2\/pages\/1063\/revisions\/1064"}],"wp:attachment":[{"href":"https:\/\/pablojimenezalarcon.com\/ca\/wp-json\/wp\/v2\/media?parent=1063"}],"curies":[{"name":"wp","href":"https:\/\/api.w.org\/{rel}","templated":true}]}}