{"id":1057,"date":"2025-06-22T18:01:35","date_gmt":"2025-06-22T18:01:35","guid":{"rendered":"https:\/\/pablojimenezalarcon.com\/accessibilitat\/"},"modified":"2025-07-08T14:53:03","modified_gmt":"2025-07-08T14:53:03","slug":"accessibilitat","status":"publish","type":"page","link":"https:\/\/pablojimenezalarcon.com\/ca\/accessibilitat\/","title":{"rendered":"Accessibilitat"},"content":{"rendered":"\t\t<div data-elementor-type=\"wp-page\" data-elementor-id=\"1057\" class=\"elementor elementor-1057 elementor-915\" data-elementor-post-type=\"page\">\n\t\t\t\t<div class=\"elementor-element elementor-element-7d0f6739 e-flex e-con-boxed e-con e-parent\" data-id=\"7d0f6739\" data-element_type=\"container\">\n\t\t\t\t\t<div class=\"e-con-inner\">\n\t\t\t\t<div class=\"elementor-element elementor-element-6fe35dde elementor-widget elementor-widget-heading\" data-id=\"6fe35dde\" data-element_type=\"widget\" data-widget_type=\"heading.default\">\n\t\t\t\t<div class=\"elementor-widget-container\">\n\t\t\t\t\t<h1 class=\"elementor-heading-title elementor-size-default\">Accessibilitat<\/h1>\t\t\t\t<\/div>\n\t\t\t\t<\/div>\n\t\t\t\t<div class=\"elementor-element elementor-element-c48f660 elementor-icon-list--layout-inline elementor-align-center elementor-list-item-link-full_width elementor-widget elementor-widget-icon-list\" data-id=\"c48f660\" data-element_type=\"widget\" data-widget_type=\"icon-list.default\">\n\t\t\t\t<div class=\"elementor-widget-container\">\n\t\t\t\t\t\t\t<ul class=\"elementor-icon-list-items elementor-inline-items\">\n\t\t\t\t\t\t\t<li class=\"elementor-icon-list-item elementor-inline-item\">\n\t\t\t\t\t\t\t\t\t\t\t<a href=\"#\">\n\n\t\t\t\t\t\t\t\t\t\t\t<span class=\"elementor-icon-list-text\">Pol\u00edtiques<\/span>\n\t\t\t\t\t\t\t\t\t\t\t<\/a>\n\t\t\t\t\t\t\t\t\t<\/li>\n\t\t\t\t\t\t\t\t<li class=\"elementor-icon-list-item elementor-inline-item\">\n\t\t\t\t\t\t\t\t\t\t\t<a href=\"http:\/\/serveis\" target=\"_blank\">\n\n\t\t\t\t\t\t\t\t\t\t\t\t<span class=\"elementor-icon-list-icon\">\n\t\t\t\t\t\t\t<svg aria-hidden=\"true\" class=\"e-font-icon-svg e-fas-circle\" viewBox=\"0 0 512 512\" xmlns=\"http:\/\/www.w3.org\/2000\/svg\"><path d=\"M256 8C119 8 8 119 8 256s111 248 248 248 248-111 248-248S393 8 256 8z\"><\/path><\/svg>\t\t\t\t\t\t<\/span>\n\t\t\t\t\t\t\t\t\t\t<span class=\"elementor-icon-list-text\">Accessibilitat<\/span>\n\t\t\t\t\t\t\t\t\t\t\t<\/a>\n\t\t\t\t\t\t\t\t\t<\/li>\n\t\t\t\t\t\t<\/ul>\n\t\t\t\t\t\t<\/div>\n\t\t\t\t<\/div>\n\t\t\t\t\t<\/div>\n\t\t\t\t<\/div>\n\t\t<div class=\"elementor-element elementor-element-28e87f39 e-flex e-con-boxed e-con e-parent\" data-id=\"28e87f39\" data-element_type=\"container\">\n\t\t\t\t\t<div class=\"e-con-inner\">\n\t\t<div class=\"elementor-element elementor-element-633c253a e-con-full e-flex e-con e-child\" data-id=\"633c253a\" data-element_type=\"container\">\n\t\t\t\t<div class=\"elementor-element elementor-element-74082862 elementor-widget elementor-widget-elementskit-heading\" data-id=\"74082862\" data-element_type=\"widget\" data-widget_type=\"elementskit-heading.default\">\n\t\t\t\t<div class=\"elementor-widget-container\">\n\t\t\t\t\t<div class=\"ekit-wid-con\" ><div class=\"ekit-heading elementskit-section-title-wraper text_left   ekit_heading_tablet-   ekit_heading_mobile-\"><h3 class=\"ekit-heading--title elementskit-section-title \"><span><span>Accesibilidad<\/span><\/span> <\/h3><\/div><\/div>\t\t\t\t<\/div>\n\t\t\t\t<\/div>\n\t\t\t\t<div class=\"elementor-element elementor-element-67f2843c elementor-widget elementor-widget-text-editor\" data-id=\"67f2843c\" data-element_type=\"widget\" data-widget_type=\"text-editor.default\">\n\t\t\t\t<div class=\"elementor-widget-container\">\n\t\t\t\t\t\t\t\t\t<p>Pablo Jim\u00e9nez Alarc\u00f3n s&#8217;ha comprom\u00e8s a fer accessible el vostre lloc web de conformitat amb el <a href=\"https:\/\/www.boe.es\/buscar\/act.php?id=BOE-A-2018-12699\">Reial Decret 1112\/2018, de 7 de setembre, sobre accessibilitat dels llocs web i aplicacions per a dispositius m\u00f2bils del sector p\u00fablic.<\/a><\/p><p>Aquesta declaraci\u00f3 d&#8217;accessibilitat s&#8217;aplica al lloc web <a href=\"https:\/\/pablojimenezalarcon.com\/ca\/\" target=\"_blank\" rel=\"noopener\"><strong>https:\/\/pablojimenezalarcon.com\/<\/strong><\/a><\/p><h4><strong>SITUACI\u00d3 DE COMPLIMENT<\/strong><\/h4><p>Aquest lloc web \u00e9s <strong>parcialment conforme<\/strong> amb el RD 1112\/2018 a causa de les excepcions i la manca de conformitat dels aspectes que s&#8217;indiquen a continuaci\u00f3.<\/p><h4><strong>CONTINGUT NO ACCESSIBLE<\/strong><\/h4><p>El contingut que es recull a continuaci\u00f3 no \u00e9s accessible pel seg\u00fcent:<\/p><h3><strong>Manca de conformitat amb el RD 1112\/2018<\/strong><\/h3><p>Podria existir informaci\u00f3, estructura o relacions que no es poguessin determinar mitjan\u00e7ant programaci\u00f3 o que no estiguessin disponibles al text (Requisit n\u00famero 9.1.3.1 d&#8217;UNE-EN 301549:2022)<\/p><p>Podrien existir enlla\u00e7os la finalitat dels quals no es pugui determinar a partir del text de l&#8217;enlla\u00e7 \u00fanicament oa partir del text de l&#8217;enlla\u00e7 juntament amb el seu context d&#8217;enlla\u00e7 determinat mitjan\u00e7ant programaci\u00f3 (Requisit n\u00famero 9.2.4.4 d&#8217;UNE-EN 301549:2022)<\/p><p>Podria no existir m\u00e9s d&#8217;una manera de localitzar una p\u00e0gina web dins un conjunt de p\u00e0gines web (Requisit n\u00famero 9.2.4.5 d&#8217;UNE-EN 301549:2022)<\/p><h3><strong>C\u00e0rrega desproporcionada<\/strong><\/h3><p>No aplica.<\/p><h3><strong>El contingut no entra dins de l&#8217;\u00e0mbit de la legislaci\u00f3 aplicable<\/strong><\/h3><p>Podrien existir fitxers ofim\u00e0tics en PDF o altres formats publicats abans del 20 de setembre de 2018 que no compleixin \u00edntegrament tots els requisits d&#8217;accessibilitat. Encara que s&#8217;ha procurat que la majoria s\u00ed que ho compleixin. <\/p><h2><strong>PREPARACI\u00d3 DE LA PRESENT DECLARACI\u00d3 D&#8217;ACCESSIBILITAT<\/strong><\/h2><p>Aquesta declaraci\u00f3 va ser preparada el 20\/06\/2025.<\/p><p>El m\u00e8tode emprat per preparar la declaraci\u00f3 ha estat una autoavaluaci\u00f3 duta a terme per la pr\u00f2pia entitat.<\/p><p>\u00daltima revisi\u00f3 de la declaraci\u00f3: 20\/06\/2025.<\/p><h2><strong>OBSERVACIONS I DADES DE CONTACTE<\/strong><\/h2><p>Podeu realitzar comunicacions sobre requisits d&#8217;accessibilitat (article 10.2.a del RD 1112\/2018) a trav\u00e9s de la seg\u00fcent adre\u00e7a de correu electr\u00f2nic:<\/p><p><a href=\"mailto:hola@pablojimenezalarcon.com\" target=\"_blank\" rel=\"noopener\">hola@pablojimenezalarcon.com<\/a><\/p><p>Per exemple:<\/p><ul><li>Informar sobre qualsevol possible incompliment per part daquest lloc web.<\/li><li>Transmetre altres dificultats dacc\u00e9s al contingut.<\/li><li>Formular qualsevol altra consulta o suggeriment de millora relativa a laccessibilitat del lloc web.<\/li><\/ul><p>Tamb\u00e9 podeu presentar:<\/p><ul><li>Queixa relativa al compliment dels requisits del RD 1112\/2018<\/li><li>Sol\u00b7licitud d&#8217;informaci\u00f3 accessible relativa a:<ul><li>Continguts que estan exclosos de l\u00e0mbit daplicaci\u00f3 del RD 1112\/2018 segons el que estableix larticle 3, apartat 4.<\/li><li>Continguts que estan exempts del compliment dels requisits daccessibilitat per imposar una c\u00e0rrega desproporcionada.<\/li><\/ul><\/li><\/ul><p>A la Sol\u00b7licitud d&#8217;informaci\u00f3 accessible, cal concretar, amb tota claredat, els fets, les raons i la petici\u00f3 que permetin constatar que es tracta d&#8217;una sol\u00b7licitud raonable i leg\u00edtima.<\/p><p>Les queixes i reclamacions sobre informaci\u00f3 accessible es realitzaran a trav\u00e9s de la seg\u00fcent adre\u00e7a de correu electr\u00f2nic:<\/p><p><a href=\"mailto:hola@pablojimenezalarcon.com\" target=\"_blank\" rel=\"noopener\">hola@pablojimenezalarcon.com<\/a><\/p><h4><strong>CONTINGUT OPCIONAL<\/strong><\/h4><p>Aquest lloc web s&#8217;ha dissenyat adaptant-se als est\u00e0ndards i normatives vigents en relaci\u00f3 amb l&#8217;accessibilitat, complint amb els punts de verificaci\u00f3 de prioritat 2 (AA) definits a l&#8217;especificaci\u00f3 de Pautes d&#8217;Accessibilitat al Contingut al Web (WCAG 2.1)<\/p><p>Est\u00e0 dissenyat per a la seva visualitzaci\u00f3 responsiva, de manera que es pugui visualitzar correctament en dispositius com ara tauletes electr\u00f2niques i dispositius m\u00f2bils.<\/p><p>Aix\u00ed mateix, est\u00e0 dissenyat per poder canviar la mida del text mitjan\u00e7ant els men\u00fas definits segons el navegador utilitzat.<\/p><p>Tamb\u00e9 es pot fer mitjan\u00e7ant les dreceres de teclat seg\u00fcents, prement les dues tecles alhora:<\/p><ul><li>Ctrl+: augmentar-lo.<\/li><li>Ctrl &#8211; : disminuir-ho.<\/li><li>Ctrl 0 : restaurar mida original.<\/li><\/ul><p>De la mateixa manera, si un usuari no disposa de ratol\u00ed podr\u00e0 moure&#8217;s pels diferents elements de la p\u00e0gina que visita a trav\u00e9s del teclat, mitjan\u00e7ant la tecla de tabulaci\u00f3.<\/p>\t\t\t\t\t\t\t\t<\/div>\n\t\t\t\t<\/div>\n\t\t\t\t<\/div>\n\t\t\t\t\t<\/div>\n\t\t\t\t<\/div>\n\t\t\t\t<\/div>\n\t\t","protected":false},"excerpt":{"rendered":"<p>Accessibilitat Pol\u00edtiques Accessibilitat Accesibilidad Pablo Jim\u00e9nez Alarc\u00f3n s&#8217;ha comprom\u00e8s a fer accessible el vostre lloc web de conformitat amb el Reial Decret 1112\/2018, de 7 de setembre, sobre accessibilitat dels llocs web i aplicacions per a dispositius m\u00f2bils del sector p\u00fablic. Aquesta declaraci\u00f3 d&#8217;accessibilitat s&#8217;aplica al lloc web https:\/\/pablojimenezalarcon.com\/ SITUACI\u00d3 DE COMPLIMENT Aquest lloc web &#8230; <a title=\"Accessibilitat\" class=\"read-more\" href=\"https:\/\/pablojimenezalarcon.com\/ca\/accessibilitat\/\" aria-label=\"M\u00e9s informaci\u00f3 sobre Accessibilitat\">Llegiu m\u00e9s<\/a><\/p>\n","protected":false},"author":1,"featured_media":0,"parent":0,"menu_order":0,"comment_status":"closed","ping_status":"closed","template":"elementor_header_footer","meta":{"footnotes":""},"class_list":["post-1057","page","type-page","status-publish"],"yoast_head":"<!-- This site is optimized with the Yoast SEO plugin v26.7 - https:\/\/yoast.com\/wordpress\/plugins\/seo\/ -->\n<title>Accessibilitat - Pablo Jim\u00e9nez Alarc\u00f3n<\/title>\n<meta name=\"robots\" content=\"index, follow, max-snippet:-1, max-image-preview:large, max-video-preview:-1\" \/>\n<link rel=\"canonical\" href=\"https:\/\/pablojimenezalarcon.com\/ca\/accessibilitat\/\" \/>\n<meta property=\"og:locale\" content=\"ca_ES\" \/>\n<meta property=\"og:type\" content=\"article\" \/>\n<meta property=\"og:title\" content=\"Accessibilitat - Pablo Jim\u00e9nez Alarc\u00f3n\" \/>\n<meta property=\"og:description\" content=\"Accessibilitat Pol\u00edtiques Accessibilitat Accesibilidad Pablo Jim\u00e9nez Alarc\u00f3n s&#8217;ha comprom\u00e8s a fer accessible el vostre lloc web de conformitat amb el Reial Decret 1112\/2018, de 7 de setembre, sobre accessibilitat dels llocs web i aplicacions per a dispositius m\u00f2bils del sector p\u00fablic. Aquesta declaraci\u00f3 d&#8217;accessibilitat s&#8217;aplica al lloc web https:\/\/pablojimenezalarcon.com\/ SITUACI\u00d3 DE COMPLIMENT Aquest lloc web ... Llegiu m\u00e9s\" \/>\n<meta property=\"og:url\" content=\"https:\/\/pablojimenezalarcon.com\/ca\/accessibilitat\/\" \/>\n<meta property=\"og:site_name\" content=\"Pablo Jim\u00e9nez Alarc\u00f3n\" \/>\n<meta property=\"article:modified_time\" content=\"2025-07-08T14:53:03+00:00\" \/>\n<meta name=\"twitter:card\" content=\"summary_large_image\" \/>\n<meta name=\"twitter:label1\" content=\"Temps estimat de lectura\" \/>\n\t<meta name=\"twitter:data1\" content=\"3 minuts\" \/>\n<script type=\"application\/ld+json\" class=\"yoast-schema-graph\">{\"@context\":\"https:\/\/schema.org\",\"@graph\":[{\"@type\":\"WebPage\",\"@id\":\"https:\/\/pablojimenezalarcon.com\/ca\/accessibilitat\/\",\"url\":\"https:\/\/pablojimenezalarcon.com\/ca\/accessibilitat\/\",\"name\":\"Accessibilitat - Pablo Jim\u00e9nez Alarc\u00f3n\",\"isPartOf\":{\"@id\":\"https:\/\/pablojimenezalarcon.com\/ca\/#website\"},\"datePublished\":\"2025-06-22T18:01:35+00:00\",\"dateModified\":\"2025-07-08T14:53:03+00:00\",\"breadcrumb\":{\"@id\":\"https:\/\/pablojimenezalarcon.com\/ca\/accessibilitat\/#breadcrumb\"},\"inLanguage\":\"ca\",\"potentialAction\":[{\"@type\":\"ReadAction\",\"target\":[\"https:\/\/pablojimenezalarcon.com\/ca\/accessibilitat\/\"]}]},{\"@type\":\"BreadcrumbList\",\"@id\":\"https:\/\/pablojimenezalarcon.com\/ca\/accessibilitat\/#breadcrumb\",\"itemListElement\":[{\"@type\":\"ListItem\",\"position\":1,\"name\":\"Portada\",\"item\":\"https:\/\/pablojimenezalarcon.com\/ca\/\"},{\"@type\":\"ListItem\",\"position\":2,\"name\":\"Accessibilitat\"}]},{\"@type\":\"WebSite\",\"@id\":\"https:\/\/pablojimenezalarcon.com\/ca\/#website\",\"url\":\"https:\/\/pablojimenezalarcon.com\/ca\/\",\"name\":\"Pablo Jim\u00e9nez Alarc\u00f3n\",\"description\":\"Consultor y asesor de industria log\u00edstica global.\",\"publisher\":{\"@id\":\"https:\/\/pablojimenezalarcon.com\/ca\/#organization\"},\"potentialAction\":[{\"@type\":\"SearchAction\",\"target\":{\"@type\":\"EntryPoint\",\"urlTemplate\":\"https:\/\/pablojimenezalarcon.com\/ca\/?s={search_term_string}\"},\"query-input\":{\"@type\":\"PropertyValueSpecification\",\"valueRequired\":true,\"valueName\":\"search_term_string\"}}],\"inLanguage\":\"ca\"},{\"@type\":\"Organization\",\"@id\":\"https:\/\/pablojimenezalarcon.com\/ca\/#organization\",\"name\":\"Pablo Jim\u00e9nez Alarc\u00f3n\",\"url\":\"https:\/\/pablojimenezalarcon.com\/ca\/\",\"logo\":{\"@type\":\"ImageObject\",\"inLanguage\":\"ca\",\"@id\":\"https:\/\/pablojimenezalarcon.com\/ca\/#\/schema\/logo\/image\/\",\"url\":\"https:\/\/pablojimenezalarcon.com\/wp-content\/uploads\/2025\/05\/Logo-PJA-color-A-blanca-2.png\",\"contentUrl\":\"https:\/\/pablojimenezalarcon.com\/wp-content\/uploads\/2025\/05\/Logo-PJA-color-A-blanca-2.png\",\"width\":842,\"height\":595,\"caption\":\"Pablo Jim\u00e9nez Alarc\u00f3n\"},\"image\":{\"@id\":\"https:\/\/pablojimenezalarcon.com\/ca\/#\/schema\/logo\/image\/\"}}]}<\/script>\n<!-- \/ Yoast SEO plugin. -->","yoast_head_json":{"title":"Accessibilitat - Pablo Jim\u00e9nez Alarc\u00f3n","robots":{"index":"index","follow":"follow","max-snippet":"max-snippet:-1","max-image-preview":"max-image-preview:large","max-video-preview":"max-video-preview:-1"},"canonical":"https:\/\/pablojimenezalarcon.com\/ca\/accessibilitat\/","og_locale":"ca_ES","og_type":"article","og_title":"Accessibilitat - Pablo Jim\u00e9nez Alarc\u00f3n","og_description":"Accessibilitat Pol\u00edtiques Accessibilitat Accesibilidad Pablo Jim\u00e9nez Alarc\u00f3n s&#8217;ha comprom\u00e8s a fer accessible el vostre lloc web de conformitat amb el Reial Decret 1112\/2018, de 7 de setembre, sobre accessibilitat dels llocs web i aplicacions per a dispositius m\u00f2bils del sector p\u00fablic. Aquesta declaraci\u00f3 d&#8217;accessibilitat s&#8217;aplica al lloc web https:\/\/pablojimenezalarcon.com\/ SITUACI\u00d3 DE COMPLIMENT Aquest lloc web ... Llegiu m\u00e9s","og_url":"https:\/\/pablojimenezalarcon.com\/ca\/accessibilitat\/","og_site_name":"Pablo Jim\u00e9nez Alarc\u00f3n","article_modified_time":"2025-07-08T14:53:03+00:00","twitter_card":"summary_large_image","twitter_misc":{"Temps estimat de lectura":"3 minuts"},"schema":{"@context":"https:\/\/schema.org","@graph":[{"@type":"WebPage","@id":"https:\/\/pablojimenezalarcon.com\/ca\/accessibilitat\/","url":"https:\/\/pablojimenezalarcon.com\/ca\/accessibilitat\/","name":"Accessibilitat - Pablo Jim\u00e9nez Alarc\u00f3n","isPartOf":{"@id":"https:\/\/pablojimenezalarcon.com\/ca\/#website"},"datePublished":"2025-06-22T18:01:35+00:00","dateModified":"2025-07-08T14:53:03+00:00","breadcrumb":{"@id":"https:\/\/pablojimenezalarcon.com\/ca\/accessibilitat\/#breadcrumb"},"inLanguage":"ca","potentialAction":[{"@type":"ReadAction","target":["https:\/\/pablojimenezalarcon.com\/ca\/accessibilitat\/"]}]},{"@type":"BreadcrumbList","@id":"https:\/\/pablojimenezalarcon.com\/ca\/accessibilitat\/#breadcrumb","itemListElement":[{"@type":"ListItem","position":1,"name":"Portada","item":"https:\/\/pablojimenezalarcon.com\/ca\/"},{"@type":"ListItem","position":2,"name":"Accessibilitat"}]},{"@type":"WebSite","@id":"https:\/\/pablojimenezalarcon.com\/ca\/#website","url":"https:\/\/pablojimenezalarcon.com\/ca\/","name":"Pablo Jim\u00e9nez Alarc\u00f3n","description":"Consultor y asesor de industria log\u00edstica global.","publisher":{"@id":"https:\/\/pablojimenezalarcon.com\/ca\/#organization"},"potentialAction":[{"@type":"SearchAction","target":{"@type":"EntryPoint","urlTemplate":"https:\/\/pablojimenezalarcon.com\/ca\/?s={search_term_string}"},"query-input":{"@type":"PropertyValueSpecification","valueRequired":true,"valueName":"search_term_string"}}],"inLanguage":"ca"},{"@type":"Organization","@id":"https:\/\/pablojimenezalarcon.com\/ca\/#organization","name":"Pablo Jim\u00e9nez Alarc\u00f3n","url":"https:\/\/pablojimenezalarcon.com\/ca\/","logo":{"@type":"ImageObject","inLanguage":"ca","@id":"https:\/\/pablojimenezalarcon.com\/ca\/#\/schema\/logo\/image\/","url":"https:\/\/pablojimenezalarcon.com\/wp-content\/uploads\/2025\/05\/Logo-PJA-color-A-blanca-2.png","contentUrl":"https:\/\/pablojimenezalarcon.com\/wp-content\/uploads\/2025\/05\/Logo-PJA-color-A-blanca-2.png","width":842,"height":595,"caption":"Pablo Jim\u00e9nez Alarc\u00f3n"},"image":{"@id":"https:\/\/pablojimenezalarcon.com\/ca\/#\/schema\/logo\/image\/"}}]}},"_links":{"self":[{"href":"https:\/\/pablojimenezalarcon.com\/ca\/wp-json\/wp\/v2\/pages\/1057","targetHints":{"allow":["GET"]}}],"collection":[{"href":"https:\/\/pablojimenezalarcon.com\/ca\/wp-json\/wp\/v2\/pages"}],"about":[{"href":"https:\/\/pablojimenezalarcon.com\/ca\/wp-json\/wp\/v2\/types\/page"}],"author":[{"embeddable":true,"href":"https:\/\/pablojimenezalarcon.com\/ca\/wp-json\/wp\/v2\/users\/1"}],"replies":[{"embeddable":true,"href":"https:\/\/pablojimenezalarcon.com\/ca\/wp-json\/wp\/v2\/comments?post=1057"}],"version-history":[{"count":1,"href":"https:\/\/pablojimenezalarcon.com\/ca\/wp-json\/wp\/v2\/pages\/1057\/revisions"}],"predecessor-version":[{"id":1058,"href":"https:\/\/pablojimenezalarcon.com\/ca\/wp-json\/wp\/v2\/pages\/1057\/revisions\/1058"}],"wp:attachment":[{"href":"https:\/\/pablojimenezalarcon.com\/ca\/wp-json\/wp\/v2\/media?parent=1057"}],"curies":[{"name":"wp","href":"https:\/\/api.w.org\/{rel}","templated":true}]}}